{"id":6,"date":"2024-12-06T10:13:37","date_gmt":"2024-12-06T09:13:37","guid":{"rendered":"https:\/\/vmv.moerchen-dev.de\/?page_id=6"},"modified":"2025-12-11T14:55:23","modified_gmt":"2025-12-11T13:55:23","slug":"impressum","status":"publish","type":"page","link":"https:\/\/mvfaehrtgut.de\/en\/impressum\/","title":{"rendered":"Legal notice"},"content":{"rendered":"<h1 class=\"wp-block-heading\">Legal notice<\/h1>\n\n\n\n<p><strong>Responsible for the content:<\/strong><\/p>\n\n\n\n<p>VMV \u2013 Verkehrsgesellschaft Mecklenburg-Vorpommern mbH<br>Schlo\u00dfstra\u00dfe 37<br>19053 Schwerin<br>Germany<br>Tel.: 03 85 \/ 5 90 87 \u2013 0<br><a href=\"mailto:info@vmv-mbh.de\" target=\"_blank\" rel=\"noreferrer noopener\">info(at)vmv-mbh.de<\/a><\/p>\n\n\n\n<p>Entered in the Register of Companies at Schwerin District Court \u2013 Reg. No. HRB 4823<\/p>\n\n\n\n<p>Tax No. 090\/125\/00375<\/p>\n\n\n\n<p>VAT ID number: DE178059510<\/p>\n\n\n\n<p><strong>Managing Director: Carsten Werfel<\/strong><\/p>\n\n\n\n<p>All information and statements on these web pages are non-binding. VMV-Verkehrsgesellschaft Mecklenburg-Vorpommern mbH assumes no liability for the accuracy and completeness of the content. No guarantee is given and no assurance of product characteristics is made. No legal claims arise from the content of the web pages. Errors in the content shall be corrected immediately upon discovery. The content of the web pages may not always be up-to-date due to delayed updates. Please therefore contact us regarding the status, technical details, and availability of the products and services. Links to other web pages are not constantly monitored. We therefore accept no responsibility for the content of linked pages.<\/p>\n\n\n\n<p><strong>Downloading data and software<\/strong><br>VMV \u2013 Verkehrsgesellschaft Mecklenburg-Vorpommern mbH accepts no liability for the absence of errors in data and software that can be downloaded from the web pages. The software is checked for viruses by VMV Verkehrsgesellschaft Mecklenburg-Vorpommern mbH. We nevertheless recommend checking data and software for viruses after downloading using the latest virus scanning software.<\/p>\n\n\n\n<p><strong>Copyrights and other intellectual property rights<\/strong><br>The content of these web pages is protected by copyright. A copy of the information on the web pages may be stored on a single computer for non-commercial and personal internal use. Graphics, texts, logos, images, etc. may only be downloaded, reproduced, copied, modified, published, sent, transmitted or used in any other way with the written permission of VMV \u2013 Verkehrsgesellschaft Mecklenburg-Vorpommern mbH. Product and company names mentioned may be registered trademarks or brands. Unauthorised use may result in claims for damages and injunctive relief.<\/p>\n\n\n\n<p><strong>Protection of personal data and confidentiality<\/strong><br>It cannot be guaranteed that information or personal data transmitted to us shall not be \u201cintercepted\u201d by third parties during transmission.<\/p>","protected":false},"excerpt":{"rendered":"<p>Impressum Verantwortlich f\u00fcr den Inhalt: VMV \u2013 Verkehrsgesellschaft Mecklenburg-Vorpommern mbHSchlo\u00dfstra\u00dfe 3719053 SchwerinDeutschlandTel.: 03 85 \/ 5 90 87 \u2013 0info(at)vmv-mbh.de Eingetragen beim Handelsregister Amtsgericht Schwerin \u2013 Register-Nr. HRB 4823 Steuer-Nr. 090\/125\/00375 UST.-ID-NUMMER: DE178059510 Gesch\u00e4ftsf\u00fchrer: Carsten Werfel Alle Informationen und Erkl\u00e4rungen dieser Internetseiten sind unverbindlich. Die VMV-Verkehrsgesellschaft Mecklenburg-Vorpommern mbH \u00fcbernimmt f\u00fcr die Richtigkeit und Vollst\u00e4ndigkeit der [&hellip;]<\/p>\n","protected":false},"author":2,"featured_media":0,"parent":0,"menu_order":6,"comment_status":"closed","ping_status":"closed","template":"","meta":{"_acf_changed":false,"footnotes":""},"mi-filters":[],"class_list":["post-6","page","type-page","status-publish","hentry"],"acf":[],"yoast_head":"<!-- This site is optimized with the Yoast SEO plugin v27.4 - https:\/\/yoast.com\/product\/yoast-seo-wordpress\/ -->\n<title>Impressum - MV f\u00e4hrt gut<\/title>\n<meta name=\"description\" content=\"Impressum der VMV \u2013 Verkehrsgesellschaft Mecklenburg-Vorpommern mbH. Alle Pflichtangaben zu Anbieter, Kontakt und Verantwortlichkeiten.\" \/>\n<meta name=\"robots\" content=\"index, follow, max-snippet:-1, max-image-preview:large, max-video-preview:-1\" \/>\n<link rel=\"canonical\" href=\"https:\/\/mvfaehrtgut.de\/en\/impressum\/\" \/>\n<meta property=\"og:locale\" content=\"en_GB\" \/>\n<meta property=\"og:type\" content=\"article\" \/>\n<meta property=\"og:title\" content=\"Impressum - MV f\u00e4hrt gut\" \/>\n<meta property=\"og:description\" content=\"Impressum der VMV \u2013 Verkehrsgesellschaft Mecklenburg-Vorpommern mbH. Alle Pflichtangaben zu Anbieter, Kontakt und Verantwortlichkeiten.\" \/>\n<meta property=\"og:url\" content=\"https:\/\/mvfaehrtgut.de\/en\/impressum\/\" \/>\n<meta property=\"og:site_name\" content=\"MV f\u00e4hrt gut\" \/>\n<meta property=\"article:modified_time\" content=\"2025-12-11T13:55:23+00:00\" \/>\n<script type=\"application\/ld+json\" class=\"yoast-schema-graph\">{\"@context\":\"https:\\\/\\\/schema.org\",\"@graph\":[{\"@type\":\"WebPage\",\"@id\":\"https:\\\/\\\/mvfaehrtgut.de\\\/impressum\\\/\",\"url\":\"https:\\\/\\\/mvfaehrtgut.de\\\/impressum\\\/\",\"name\":\"Impressum - MV f\u00e4hrt gut\",\"isPartOf\":{\"@id\":\"https:\\\/\\\/mvfaehrtgut.de\\\/#website\"},\"datePublished\":\"2024-12-06T09:13:37+00:00\",\"dateModified\":\"2025-12-11T13:55:23+00:00\",\"description\":\"Impressum der VMV \u2013 Verkehrsgesellschaft Mecklenburg-Vorpommern mbH. Alle Pflichtangaben zu Anbieter, Kontakt und Verantwortlichkeiten.\",\"breadcrumb\":{\"@id\":\"https:\\\/\\\/mvfaehrtgut.de\\\/impressum\\\/#breadcrumb\"},\"inLanguage\":\"en-GB\",\"potentialAction\":[{\"@type\":\"ReadAction\",\"target\":[\"https:\\\/\\\/mvfaehrtgut.de\\\/impressum\\\/\"]}]},{\"@type\":\"BreadcrumbList\",\"@id\":\"https:\\\/\\\/mvfaehrtgut.de\\\/impressum\\\/#breadcrumb\",\"itemListElement\":[{\"@type\":\"ListItem\",\"position\":1,\"name\":\"MV f\u00e4hrt gut\",\"item\":\"https:\\\/\\\/mvfaehrtgut.de\\\/\"},{\"@type\":\"ListItem\",\"position\":2,\"name\":\"Impressum\"}]},{\"@type\":\"WebSite\",\"@id\":\"https:\\\/\\\/mvfaehrtgut.de\\\/#website\",\"url\":\"https:\\\/\\\/mvfaehrtgut.de\\\/\",\"name\":\"MV f\u00e4hrt gut\",\"description\":\"\",\"publisher\":{\"@id\":\"https:\\\/\\\/mvfaehrtgut.de\\\/#organization\"},\"potentialAction\":[{\"@type\":\"SearchAction\",\"target\":{\"@type\":\"EntryPoint\",\"urlTemplate\":\"https:\\\/\\\/mvfaehrtgut.de\\\/?s={search_term_string}\"},\"query-input\":{\"@type\":\"PropertyValueSpecification\",\"valueRequired\":true,\"valueName\":\"search_term_string\"}}],\"inLanguage\":\"en-GB\"},{\"@type\":\"Organization\",\"@id\":\"https:\\\/\\\/mvfaehrtgut.de\\\/#organization\",\"name\":\"VMV \u2013 Verkehrsgesellschaft Mecklenburg-Vorpommern mbH\",\"url\":\"https:\\\/\\\/mvfaehrtgut.de\\\/\",\"logo\":{\"@type\":\"ImageObject\",\"inLanguage\":\"en-GB\",\"@id\":\"https:\\\/\\\/mvfaehrtgut.de\\\/#\\\/schema\\\/logo\\\/image\\\/\",\"url\":\"https:\\\/\\\/mvfaehrtgut.de\\\/wp-content\\\/uploads\\\/2025\\\/08\\\/MV_faehrt_gut_mit_scrolleffekt.svg\",\"contentUrl\":\"https:\\\/\\\/mvfaehrtgut.de\\\/wp-content\\\/uploads\\\/2025\\\/08\\\/MV_faehrt_gut_mit_scrolleffekt.svg\",\"caption\":\"VMV \u2013 Verkehrsgesellschaft Mecklenburg-Vorpommern mbH\"},\"image\":{\"@id\":\"https:\\\/\\\/mvfaehrtgut.de\\\/#\\\/schema\\\/logo\\\/image\\\/\"}}]}<\/script>\n<!-- \/ Yoast SEO plugin. -->","yoast_head_json":{"title":"Impressum - MV f\u00e4hrt gut","description":"Impressum der VMV \u2013 Verkehrsgesellschaft Mecklenburg-Vorpommern mbH. Alle Pflichtangaben zu Anbieter, Kontakt und Verantwortlichkeiten.","robots":{"index":"index","follow":"follow","max-snippet":"max-snippet:-1","max-image-preview":"max-image-preview:large","max-video-preview":"max-video-preview:-1"},"canonical":"https:\/\/mvfaehrtgut.de\/en\/impressum\/","og_locale":"en_GB","og_type":"article","og_title":"Impressum - MV f\u00e4hrt gut","og_description":"Impressum der VMV \u2013 Verkehrsgesellschaft Mecklenburg-Vorpommern mbH. Alle Pflichtangaben zu Anbieter, Kontakt und Verantwortlichkeiten.","og_url":"https:\/\/mvfaehrtgut.de\/en\/impressum\/","og_site_name":"MV f\u00e4hrt gut","article_modified_time":"2025-12-11T13:55:23+00:00","schema":{"@context":"https:\/\/schema.org","@graph":[{"@type":"WebPage","@id":"https:\/\/mvfaehrtgut.de\/impressum\/","url":"https:\/\/mvfaehrtgut.de\/impressum\/","name":"Impressum - MV f\u00e4hrt gut","isPartOf":{"@id":"https:\/\/mvfaehrtgut.de\/#website"},"datePublished":"2024-12-06T09:13:37+00:00","dateModified":"2025-12-11T13:55:23+00:00","description":"Impressum der VMV \u2013 Verkehrsgesellschaft Mecklenburg-Vorpommern mbH. Alle Pflichtangaben zu Anbieter, Kontakt und Verantwortlichkeiten.","breadcrumb":{"@id":"https:\/\/mvfaehrtgut.de\/impressum\/#breadcrumb"},"inLanguage":"en-GB","potentialAction":[{"@type":"ReadAction","target":["https:\/\/mvfaehrtgut.de\/impressum\/"]}]},{"@type":"BreadcrumbList","@id":"https:\/\/mvfaehrtgut.de\/impressum\/#breadcrumb","itemListElement":[{"@type":"ListItem","position":1,"name":"MV f\u00e4hrt gut","item":"https:\/\/mvfaehrtgut.de\/"},{"@type":"ListItem","position":2,"name":"Impressum"}]},{"@type":"WebSite","@id":"https:\/\/mvfaehrtgut.de\/#website","url":"https:\/\/mvfaehrtgut.de\/","name":"MV on the move","description":"","publisher":{"@id":"https:\/\/mvfaehrtgut.de\/#organization"},"potentialAction":[{"@type":"SearchAction","target":{"@type":"EntryPoint","urlTemplate":"https:\/\/mvfaehrtgut.de\/?s={search_term_string}"},"query-input":{"@type":"PropertyValueSpecification","valueRequired":true,"valueName":"search_term_string"}}],"inLanguage":"en-GB"},{"@type":"Organization","@id":"https:\/\/mvfaehrtgut.de\/#organization","name":"VMV \u2013 Verkehrsgesellschaft Mecklenburg-Vorpommern mbH","url":"https:\/\/mvfaehrtgut.de\/","logo":{"@type":"ImageObject","inLanguage":"en-GB","@id":"https:\/\/mvfaehrtgut.de\/#\/schema\/logo\/image\/","url":"https:\/\/mvfaehrtgut.de\/wp-content\/uploads\/2025\/08\/MV_faehrt_gut_mit_scrolleffekt.svg","contentUrl":"https:\/\/mvfaehrtgut.de\/wp-content\/uploads\/2025\/08\/MV_faehrt_gut_mit_scrolleffekt.svg","caption":"VMV \u2013 Verkehrsgesellschaft Mecklenburg-Vorpommern mbH"},"image":{"@id":"https:\/\/mvfaehrtgut.de\/#\/schema\/logo\/image\/"}}]}},"_links":{"self":[{"href":"https:\/\/mvfaehrtgut.de\/en\/wp-json\/wp\/v2\/pages\/6","targetHints":{"allow":["GET"]}}],"collection":[{"href":"https:\/\/mvfaehrtgut.de\/en\/wp-json\/wp\/v2\/pages"}],"about":[{"href":"https:\/\/mvfaehrtgut.de\/en\/wp-json\/wp\/v2\/types\/page"}],"author":[{"embeddable":true,"href":"https:\/\/mvfaehrtgut.de\/en\/wp-json\/wp\/v2\/users\/2"}],"replies":[{"embeddable":true,"href":"https:\/\/mvfaehrtgut.de\/en\/wp-json\/wp\/v2\/comments?post=6"}],"version-history":[{"count":3,"href":"https:\/\/mvfaehrtgut.de\/en\/wp-json\/wp\/v2\/pages\/6\/revisions"}],"predecessor-version":[{"id":4673,"href":"https:\/\/mvfaehrtgut.de\/en\/wp-json\/wp\/v2\/pages\/6\/revisions\/4673"}],"wp:attachment":[{"href":"https:\/\/mvfaehrtgut.de\/en\/wp-json\/wp\/v2\/media?parent=6"}],"wp:term":[{"taxonomy":"mi-filters","embeddable":true,"href":"https:\/\/mvfaehrtgut.de\/en\/wp-json\/wp\/v2\/mi-filters?post=6"}],"curies":[{"name":"wp","href":"https:\/\/api.w.org\/{rel}","templated":true}]}}