{"id":4302,"date":"2025-04-02T17:41:37","date_gmt":"2025-04-02T15:41:37","guid":{"rendered":"https:\/\/vmv.moerchen-dev.de\/?page_id=4302"},"modified":"2025-12-11T14:54:03","modified_gmt":"2025-12-11T13:54:03","slug":"fahrplanauskunft","status":"publish","type":"page","link":"https:\/\/mvfaehrtgut.de\/en\/fahrplanauskunft\/","title":{"rendered":"Timetable information"},"content":{"rendered":"<div class=\"wp-block-media-text alignfull has-media-on-the-right is-stacked-on-mobile is-style-vmv-bogen-links\" style=\"grid-template-columns:auto 60%\"><div class=\"wp-block-media-text__content\">\n<p style=\"padding-right:var(--wp--preset--spacing--60);padding-left:var(--wp--preset--spacing--60);font-size:clamp(26.465px, 1.654rem + ((1vw - 3.2px) * 1.891), 45px);font-style:normal;font-weight:600;line-height:1.2;text-transform:uppercase\">Die Fahrplanauskunft hilft weiter<\/p>\n\n\n\n<div style=\"height:20px\" aria-hidden=\"true\" class=\"wp-block-spacer is-style-util-mobile-only\"><\/div>\n<\/div><figure class=\"wp-block-media-text__media\"><img loading=\"lazy\" decoding=\"async\" width=\"1100\" height=\"662\" src=\"https:\/\/mvfaehrtgut.de\/wp-content\/uploads\/2025\/05\/MV-faehrt-gut-Hero-Fahrplanauskunft-1100x662.jpg\" alt=\"\" class=\"wp-image-4517 size-full\" srcset=\"https:\/\/mvfaehrtgut.de\/wp-content\/uploads\/2025\/05\/MV-faehrt-gut-Hero-Fahrplanauskunft-1100x662.jpg 1100w, https:\/\/mvfaehrtgut.de\/wp-content\/uploads\/2025\/05\/MV-faehrt-gut-Hero-Fahrplanauskunft-600x361.jpg 600w, https:\/\/mvfaehrtgut.de\/wp-content\/uploads\/2025\/05\/MV-faehrt-gut-Hero-Fahrplanauskunft-768x462.jpg 768w, https:\/\/mvfaehrtgut.de\/wp-content\/uploads\/2025\/05\/MV-faehrt-gut-Hero-Fahrplanauskunft-1536x924.jpg 1536w, https:\/\/mvfaehrtgut.de\/wp-content\/uploads\/2025\/05\/MV-faehrt-gut-Hero-Fahrplanauskunft-2048x1233.jpg 2048w\" sizes=\"auto, (max-width: 1100px) 100vw, 1100px\" \/><\/figure><\/div>\n\n\n\n<div class=\"wp-block-group alignfull has-tertiary-background-color has-background has-global-padding is-layout-constrained wp-block-group-is-layout-constrained\" style=\"margin-top:0;margin-bottom:0;padding-top:var(--wp--preset--spacing--80);padding-bottom:var(--wp--preset--spacing--80)\">\n<h1 class=\"wp-block-heading has-text-align-center\">Looking for a connection?<\/h1>\n\n\n\n<p class=\"has-text-align-center\">VMV operates and maintains the timetable information \u201cMV ON THE MOVE\u201d. The latest timetable data from all transport companies operating in public and rail transport in the state of Mecklenburg-Vorpommern forms the basis of the information provided. A growing number of transport companies in the state are already providing information based on real-time data. The aim is to achieve comprehensive implementation of this in future.<\/p>\n\n\n\n<p class=\"has-text-align-center\">In 2023, information was provided over 15 million times. A clear focus for enquiries was the holiday season.<\/p>\n\n\n\n<div class=\"wp-block-buttons is-content-justification-center is-layout-flex wp-container-core-buttons-is-layout-a89b3969 wp-block-buttons-is-layout-flex\">\n<div class=\"wp-block-button is-style-fill\"><a class=\"wp-block-button__link has-primary-color has-text-color has-background has-link-color wp-element-button\" href=\"https:\/\/fahrplanauskunft-mv.de\/vmvsl3plus\/trip?lng=de\" style=\"border-radius:0px;background:linear-gradient(180deg,rgba(7,146,227,0) 49%,rgb(150,212,230) 49%,rgb(150,212,230) 100%);padding-right:0;padding-left:0\" target=\"_blank\" rel=\"noreferrer noopener\">View timetable information<\/a><\/div>\n<\/div>\n<\/div>\n\n\n\n<div class=\"wp-block-group alignfull has-base-background-color has-background has-global-padding is-layout-constrained wp-block-group-is-layout-constrained\" style=\"margin-top:0;margin-bottom:0;padding-top:var(--wp--preset--spacing--80);padding-bottom:var(--wp--preset--spacing--80)\">\n<h1 class=\"wp-block-heading has-text-align-center\">\"MV on the move\u201d timetable information<\/h1>\n\n\n\n<p class=\"has-text-align-center\"><strong>Start your journey on time and arrive with ease \u2013 public transport makes it possible. Our Germany-wide online timetable information \u201cMV ON THE MOVE\u201d is here to help with reliable travel planning.<\/strong><\/p>\n\n\n\n<div style=\"height:10px\" aria-hidden=\"true\" class=\"wp-block-spacer\"><\/div>\n\n\n\n<div class=\"wp-block-buttons is-content-justification-center is-layout-flex wp-container-core-buttons-is-layout-a89b3969 wp-block-buttons-is-layout-flex\">\n<div class=\"wp-block-button\"><a class=\"wp-block-button__link wp-element-button\" href=\"https:\/\/fahrplanauskunft-mv.de\/vmvsl3plus\/trip?lng=de\" style=\"box-shadow:var(--wp--preset--shadow--natural)\" target=\"_blank\" rel=\"noreferrer noopener\">MV on the move<\/a><\/div>\n<\/div>\n\n\n\n<div style=\"height:10px\" aria-hidden=\"true\" class=\"wp-block-spacer\"><\/div>\n\n\n\n<p>Our timetable app \u201cMV ON THE MOVE\u201d is available for&nbsp;<a href=\"https:\/\/play.google.com\/store\/apps\/details?id=com.mdv.VMVCompanion\" target=\"_blank\" rel=\"noreferrer noopener\">Android<\/a>&nbsp;and&nbsp;<a href=\"https:\/\/itunes.apple.com\/de\/app\/mv-fahrt-gut\/id1022785965\" target=\"_blank\" rel=\"noreferrer noopener\">iOS<\/a>&nbsp;. With the free timetable app from VMV \u2013 Verkehrsgesellschaft Mecklenburg-Vorpommern mbH, you can now use the timetable information any time, anywhere. Give it a try!<\/p>\n<\/div>","protected":false},"excerpt":{"rendered":"<p>Anschluss gesucht? Die VMV betreibt und pflegt die Fahrplanauskunft \u201eMV F\u00c4HRT GUT\u201c. Darin bilden die jeweils aktuellen Fahrplandaten aller im Land Mecklenburg-Vorpommern im \u00d6PNV und SPNV t\u00e4tigen Verkehrsunternehmen die Basis der Auskunftserteilung. Bei immer mehr Verkehrsunternehmen im Land erfolgt die Auskunft bereits auf Basis von Echtzeitdaten. Ziel ist es dies k\u00fcnftig fl\u00e4chendeckend zu erm\u00f6glichen. Im [&hellip;]<\/p>\n","protected":false},"author":3,"featured_media":0,"parent":0,"menu_order":5,"comment_status":"closed","ping_status":"closed","template":"","meta":{"_acf_changed":false,"footnotes":""},"mi-filters":[],"class_list":["post-4302","page","type-page","status-publish","hentry"],"acf":[],"yoast_head":"<!-- This site is optimized with the Yoast SEO plugin v27.4 - https:\/\/yoast.com\/product\/yoast-seo-wordpress\/ -->\n<title>Fahrplanauskunft - MV f\u00e4hrt gut<\/title>\n<meta name=\"description\" content=\"Die Fahrplanauskunft \u201eMV f\u00e4hrt gut\u201c bietet aktuelle Verbindungen in MV \u2013 mit Echtzeitdaten, App-Nutzung und verl\u00e4sslicher Reiseplanung.\" \/>\n<meta name=\"robots\" content=\"index, follow, max-snippet:-1, max-image-preview:large, max-video-preview:-1\" \/>\n<link rel=\"canonical\" href=\"https:\/\/mvfaehrtgut.de\/en\/fahrplanauskunft\/\" \/>\n<meta property=\"og:locale\" content=\"en_GB\" \/>\n<meta property=\"og:type\" content=\"article\" \/>\n<meta property=\"og:title\" content=\"Fahrplanauskunft - MV f\u00e4hrt gut\" \/>\n<meta property=\"og:description\" content=\"Die Fahrplanauskunft \u201eMV f\u00e4hrt gut\u201c bietet aktuelle Verbindungen in MV \u2013 mit Echtzeitdaten, App-Nutzung und verl\u00e4sslicher Reiseplanung.\" \/>\n<meta property=\"og:url\" content=\"https:\/\/mvfaehrtgut.de\/en\/fahrplanauskunft\/\" \/>\n<meta property=\"og:site_name\" content=\"MV f\u00e4hrt gut\" \/>\n<meta property=\"article:modified_time\" content=\"2025-12-11T13:54:03+00:00\" \/>\n<meta property=\"og:image\" content=\"https:\/\/mvfaehrtgut.de\/wp-content\/uploads\/2025\/05\/MV-faehrt-gut-Hero-Fahrplanauskunft.jpg\" \/>\n\t<meta property=\"og:image:width\" content=\"2160\" \/>\n\t<meta property=\"og:image:height\" content=\"1300\" \/>\n\t<meta property=\"og:image:type\" content=\"image\/jpeg\" \/>\n<script type=\"application\/ld+json\" class=\"yoast-schema-graph\">{\"@context\":\"https:\\\/\\\/schema.org\",\"@graph\":[{\"@type\":\"WebPage\",\"@id\":\"https:\\\/\\\/mvfaehrtgut.de\\\/fahrplanauskunft\\\/\",\"url\":\"https:\\\/\\\/mvfaehrtgut.de\\\/fahrplanauskunft\\\/\",\"name\":\"Fahrplanauskunft - MV f\u00e4hrt gut\",\"isPartOf\":{\"@id\":\"https:\\\/\\\/mvfaehrtgut.de\\\/#website\"},\"primaryImageOfPage\":{\"@id\":\"https:\\\/\\\/mvfaehrtgut.de\\\/fahrplanauskunft\\\/#primaryimage\"},\"image\":{\"@id\":\"https:\\\/\\\/mvfaehrtgut.de\\\/fahrplanauskunft\\\/#primaryimage\"},\"thumbnailUrl\":\"https:\\\/\\\/mvfaehrtgut.de\\\/wp-content\\\/uploads\\\/2025\\\/05\\\/MV-faehrt-gut-Hero-Fahrplanauskunft-1100x662.jpg\",\"datePublished\":\"2025-04-02T15:41:37+00:00\",\"dateModified\":\"2025-12-11T13:54:03+00:00\",\"description\":\"Die Fahrplanauskunft \u201eMV f\u00e4hrt gut\u201c bietet aktuelle Verbindungen in MV \u2013 mit Echtzeitdaten, App-Nutzung und verl\u00e4sslicher Reiseplanung.\",\"breadcrumb\":{\"@id\":\"https:\\\/\\\/mvfaehrtgut.de\\\/fahrplanauskunft\\\/#breadcrumb\"},\"inLanguage\":\"en-GB\",\"potentialAction\":[{\"@type\":\"ReadAction\",\"target\":[\"https:\\\/\\\/mvfaehrtgut.de\\\/fahrplanauskunft\\\/\"]}]},{\"@type\":\"ImageObject\",\"inLanguage\":\"en-GB\",\"@id\":\"https:\\\/\\\/mvfaehrtgut.de\\\/fahrplanauskunft\\\/#primaryimage\",\"url\":\"https:\\\/\\\/mvfaehrtgut.de\\\/wp-content\\\/uploads\\\/2025\\\/05\\\/MV-faehrt-gut-Hero-Fahrplanauskunft-1100x662.jpg\",\"contentUrl\":\"https:\\\/\\\/mvfaehrtgut.de\\\/wp-content\\\/uploads\\\/2025\\\/05\\\/MV-faehrt-gut-Hero-Fahrplanauskunft-1100x662.jpg\"},{\"@type\":\"BreadcrumbList\",\"@id\":\"https:\\\/\\\/mvfaehrtgut.de\\\/fahrplanauskunft\\\/#breadcrumb\",\"itemListElement\":[{\"@type\":\"ListItem\",\"position\":1,\"name\":\"MV f\u00e4hrt gut\",\"item\":\"https:\\\/\\\/mvfaehrtgut.de\\\/\"},{\"@type\":\"ListItem\",\"position\":2,\"name\":\"Fahrplanauskunft\"}]},{\"@type\":\"WebSite\",\"@id\":\"https:\\\/\\\/mvfaehrtgut.de\\\/#website\",\"url\":\"https:\\\/\\\/mvfaehrtgut.de\\\/\",\"name\":\"MV f\u00e4hrt gut\",\"description\":\"\",\"publisher\":{\"@id\":\"https:\\\/\\\/mvfaehrtgut.de\\\/#organization\"},\"potentialAction\":[{\"@type\":\"SearchAction\",\"target\":{\"@type\":\"EntryPoint\",\"urlTemplate\":\"https:\\\/\\\/mvfaehrtgut.de\\\/?s={search_term_string}\"},\"query-input\":{\"@type\":\"PropertyValueSpecification\",\"valueRequired\":true,\"valueName\":\"search_term_string\"}}],\"inLanguage\":\"en-GB\"},{\"@type\":\"Organization\",\"@id\":\"https:\\\/\\\/mvfaehrtgut.de\\\/#organization\",\"name\":\"VMV \u2013 Verkehrsgesellschaft Mecklenburg-Vorpommern mbH\",\"url\":\"https:\\\/\\\/mvfaehrtgut.de\\\/\",\"logo\":{\"@type\":\"ImageObject\",\"inLanguage\":\"en-GB\",\"@id\":\"https:\\\/\\\/mvfaehrtgut.de\\\/#\\\/schema\\\/logo\\\/image\\\/\",\"url\":\"https:\\\/\\\/mvfaehrtgut.de\\\/wp-content\\\/uploads\\\/2025\\\/08\\\/MV_faehrt_gut_mit_scrolleffekt.svg\",\"contentUrl\":\"https:\\\/\\\/mvfaehrtgut.de\\\/wp-content\\\/uploads\\\/2025\\\/08\\\/MV_faehrt_gut_mit_scrolleffekt.svg\",\"caption\":\"VMV \u2013 Verkehrsgesellschaft Mecklenburg-Vorpommern mbH\"},\"image\":{\"@id\":\"https:\\\/\\\/mvfaehrtgut.de\\\/#\\\/schema\\\/logo\\\/image\\\/\"}}]}<\/script>\n<!-- \/ Yoast SEO plugin. -->","yoast_head_json":{"title":"Fahrplanauskunft - MV f\u00e4hrt gut","description":"Die Fahrplanauskunft \u201eMV f\u00e4hrt gut\u201c bietet aktuelle Verbindungen in MV \u2013 mit Echtzeitdaten, App-Nutzung und verl\u00e4sslicher Reiseplanung.","robots":{"index":"index","follow":"follow","max-snippet":"max-snippet:-1","max-image-preview":"max-image-preview:large","max-video-preview":"max-video-preview:-1"},"canonical":"https:\/\/mvfaehrtgut.de\/en\/fahrplanauskunft\/","og_locale":"en_GB","og_type":"article","og_title":"Fahrplanauskunft - MV f\u00e4hrt gut","og_description":"Die Fahrplanauskunft \u201eMV f\u00e4hrt gut\u201c bietet aktuelle Verbindungen in MV \u2013 mit Echtzeitdaten, App-Nutzung und verl\u00e4sslicher Reiseplanung.","og_url":"https:\/\/mvfaehrtgut.de\/en\/fahrplanauskunft\/","og_site_name":"MV f\u00e4hrt gut","article_modified_time":"2025-12-11T13:54:03+00:00","og_image":[{"width":2160,"height":1300,"url":"https:\/\/mvfaehrtgut.de\/wp-content\/uploads\/2025\/05\/MV-faehrt-gut-Hero-Fahrplanauskunft.jpg","type":"image\/jpeg"}],"schema":{"@context":"https:\/\/schema.org","@graph":[{"@type":"WebPage","@id":"https:\/\/mvfaehrtgut.de\/fahrplanauskunft\/","url":"https:\/\/mvfaehrtgut.de\/fahrplanauskunft\/","name":"Fahrplanauskunft - MV f\u00e4hrt gut","isPartOf":{"@id":"https:\/\/mvfaehrtgut.de\/#website"},"primaryImageOfPage":{"@id":"https:\/\/mvfaehrtgut.de\/fahrplanauskunft\/#primaryimage"},"image":{"@id":"https:\/\/mvfaehrtgut.de\/fahrplanauskunft\/#primaryimage"},"thumbnailUrl":"https:\/\/mvfaehrtgut.de\/wp-content\/uploads\/2025\/05\/MV-faehrt-gut-Hero-Fahrplanauskunft-1100x662.jpg","datePublished":"2025-04-02T15:41:37+00:00","dateModified":"2025-12-11T13:54:03+00:00","description":"Die Fahrplanauskunft \u201eMV f\u00e4hrt gut\u201c bietet aktuelle Verbindungen in MV \u2013 mit Echtzeitdaten, App-Nutzung und verl\u00e4sslicher Reiseplanung.","breadcrumb":{"@id":"https:\/\/mvfaehrtgut.de\/fahrplanauskunft\/#breadcrumb"},"inLanguage":"en-GB","potentialAction":[{"@type":"ReadAction","target":["https:\/\/mvfaehrtgut.de\/fahrplanauskunft\/"]}]},{"@type":"ImageObject","inLanguage":"en-GB","@id":"https:\/\/mvfaehrtgut.de\/fahrplanauskunft\/#primaryimage","url":"https:\/\/mvfaehrtgut.de\/wp-content\/uploads\/2025\/05\/MV-faehrt-gut-Hero-Fahrplanauskunft-1100x662.jpg","contentUrl":"https:\/\/mvfaehrtgut.de\/wp-content\/uploads\/2025\/05\/MV-faehrt-gut-Hero-Fahrplanauskunft-1100x662.jpg"},{"@type":"BreadcrumbList","@id":"https:\/\/mvfaehrtgut.de\/fahrplanauskunft\/#breadcrumb","itemListElement":[{"@type":"ListItem","position":1,"name":"MV f\u00e4hrt gut","item":"https:\/\/mvfaehrtgut.de\/"},{"@type":"ListItem","position":2,"name":"Fahrplanauskunft"}]},{"@type":"WebSite","@id":"https:\/\/mvfaehrtgut.de\/#website","url":"https:\/\/mvfaehrtgut.de\/","name":"MV on the move","description":"","publisher":{"@id":"https:\/\/mvfaehrtgut.de\/#organization"},"potentialAction":[{"@type":"SearchAction","target":{"@type":"EntryPoint","urlTemplate":"https:\/\/mvfaehrtgut.de\/?s={search_term_string}"},"query-input":{"@type":"PropertyValueSpecification","valueRequired":true,"valueName":"search_term_string"}}],"inLanguage":"en-GB"},{"@type":"Organization","@id":"https:\/\/mvfaehrtgut.de\/#organization","name":"VMV \u2013 Verkehrsgesellschaft Mecklenburg-Vorpommern mbH","url":"https:\/\/mvfaehrtgut.de\/","logo":{"@type":"ImageObject","inLanguage":"en-GB","@id":"https:\/\/mvfaehrtgut.de\/#\/schema\/logo\/image\/","url":"https:\/\/mvfaehrtgut.de\/wp-content\/uploads\/2025\/08\/MV_faehrt_gut_mit_scrolleffekt.svg","contentUrl":"https:\/\/mvfaehrtgut.de\/wp-content\/uploads\/2025\/08\/MV_faehrt_gut_mit_scrolleffekt.svg","caption":"VMV \u2013 Verkehrsgesellschaft Mecklenburg-Vorpommern mbH"},"image":{"@id":"https:\/\/mvfaehrtgut.de\/#\/schema\/logo\/image\/"}}]}},"_links":{"self":[{"href":"https:\/\/mvfaehrtgut.de\/en\/wp-json\/wp\/v2\/pages\/4302","targetHints":{"allow":["GET"]}}],"collection":[{"href":"https:\/\/mvfaehrtgut.de\/en\/wp-json\/wp\/v2\/pages"}],"about":[{"href":"https:\/\/mvfaehrtgut.de\/en\/wp-json\/wp\/v2\/types\/page"}],"author":[{"embeddable":true,"href":"https:\/\/mvfaehrtgut.de\/en\/wp-json\/wp\/v2\/users\/3"}],"replies":[{"embeddable":true,"href":"https:\/\/mvfaehrtgut.de\/en\/wp-json\/wp\/v2\/comments?post=4302"}],"version-history":[{"count":10,"href":"https:\/\/mvfaehrtgut.de\/en\/wp-json\/wp\/v2\/pages\/4302\/revisions"}],"predecessor-version":[{"id":4770,"href":"https:\/\/mvfaehrtgut.de\/en\/wp-json\/wp\/v2\/pages\/4302\/revisions\/4770"}],"wp:attachment":[{"href":"https:\/\/mvfaehrtgut.de\/en\/wp-json\/wp\/v2\/media?parent=4302"}],"wp:term":[{"taxonomy":"mi-filters","embeddable":true,"href":"https:\/\/mvfaehrtgut.de\/en\/wp-json\/wp\/v2\/mi-filters?post=4302"}],"curies":[{"name":"wp","href":"https:\/\/api.w.org\/{rel}","templated":true}]}}