{"id":3921,"date":"2025-02-10T13:51:24","date_gmt":"2025-02-10T12:51:24","guid":{"rendered":"https:\/\/vmv.moerchen-dev.de\/?page_id=3921"},"modified":"2026-05-06T10:17:51","modified_gmt":"2026-05-06T08:17:51","slug":"saisonverkehr-faehrhafen-sassnitz","status":"publish","type":"page","link":"https:\/\/mvfaehrtgut.de\/en\/saisonverkehr-faehrhafen-sassnitz\/","title":{"rendered":"Seasonal service for Sassnitz ferry port"},"content":{"rendered":"<div class=\"wp-block-media-text alignfull has-media-on-the-right is-stacked-on-mobile is-style-vmv-bogen-links\" style=\"grid-template-columns:auto 60%\"><div class=\"wp-block-media-text__content\">\n<h1 class=\"wp-block-heading\" style=\"padding-right:var(--wp--preset--spacing--60);padding-left:var(--wp--preset--spacing--60);font-size:clamp(26.465px, 1.654rem + ((1vw - 3.2px) * 1.891), 45px);\">Saison\u00ad\u00adverkehr F\u00e4hr\u00ad\u00adhafen Sassnitz<\/h1>\n\n\n\n<p style=\"padding-right:var(--wp--preset--spacing--60);padding-left:var(--wp--preset--spacing--60)\">Your quicker, easier route to the ferries to Scandinavia<\/p>\n\n\n\n<div style=\"height:40px\" aria-hidden=\"true\" class=\"wp-block-spacer is-style-util-mobile-only\"><\/div>\n<\/div><figure class=\"wp-block-media-text__media\"><img loading=\"lazy\" decoding=\"async\" width=\"1100\" height=\"662\" src=\"https:\/\/mvfaehrtgut.de\/wp-content\/uploads\/2025\/04\/MV-faehrt-gut-Sassnitz-Saisonverkehr-Hero-1100x662.jpg\" alt=\"\" class=\"wp-image-4296 size-full\" srcset=\"https:\/\/mvfaehrtgut.de\/wp-content\/uploads\/2025\/04\/MV-faehrt-gut-Sassnitz-Saisonverkehr-Hero-1100x662.jpg 1100w, https:\/\/mvfaehrtgut.de\/wp-content\/uploads\/2025\/04\/MV-faehrt-gut-Sassnitz-Saisonverkehr-Hero-600x361.jpg 600w, https:\/\/mvfaehrtgut.de\/wp-content\/uploads\/2025\/04\/MV-faehrt-gut-Sassnitz-Saisonverkehr-Hero-768x462.jpg 768w, https:\/\/mvfaehrtgut.de\/wp-content\/uploads\/2025\/04\/MV-faehrt-gut-Sassnitz-Saisonverkehr-Hero-1536x924.jpg 1536w, https:\/\/mvfaehrtgut.de\/wp-content\/uploads\/2025\/04\/MV-faehrt-gut-Sassnitz-Saisonverkehr-Hero-2048x1233.jpg 2048w\" sizes=\"auto, (max-width: 1100px) 100vw, 1100px\" \/><\/figure><\/div>\n\n\n\n<div class=\"wp-block-group alignfull has-tertiary-background-color has-background has-global-padding is-layout-constrained wp-block-group-is-layout-constrained\" style=\"margin-top:0;margin-bottom:0;padding-top:var(--wp--preset--spacing--80);padding-bottom:var(--wp--preset--spacing--80)\">\n<h1 class=\"wp-block-heading has-text-align-center\">Saisonverkehr&nbsp;F\u00e4hrhafen Sassnitz 2026<\/h1>\n\n\n\n<p class=\"has-text-align-center\"><strong>Mit dem Zug direkt in den Hafen und zu den F\u00e4hren nach Bornholm (D\u00e4nemark) vom 13. Mai bis 17. Oktober 2026<\/strong><\/p>\n\n\n\n<p class=\"has-text-align-center\">Welcome to your route to the north! Travel to the ferries taking you to Scandinavia begins with a smooth train journey: Enjoy your journey with the RE27 from Bergen auf R\u00fcgen to the Sassnitz\/Mukran ferry port and experience the ease of travel as it should be.<\/p>\n\n\n\n<p class=\"has-text-align-center\">Above image:&nbsp;&nbsp;<\/p>\n\n\n\n<div class=\"wp-block-buttons is-content-justification-center is-layout-flex wp-container-core-buttons-is-layout-a89b3969 wp-block-buttons-is-layout-flex\"><\/div>\n<\/div>\n\n\n\n<div class=\"wp-block-group alignfull has-base-background-color has-background has-global-padding is-layout-constrained wp-block-group-is-layout-constrained\" style=\"margin-top:0;margin-bottom:0;padding-top:var(--wp--preset--spacing--80);padding-bottom:var(--wp--preset--spacing--80)\">\n<h2 class=\"wp-block-heading has-text-align-center\">The fastest, simplest way to the ferry<\/h2>\n\n\n\n<p class=\"has-text-align-left\">In diesem Sommer wird Ihre Reise nach D\u00e4nemark noch angenehmer und schneller. Dank des erweiterten Zugfahrplans zur F\u00e4hre im Zeitraum vom 13. Mai \u2013 17. Oktober 2026 montags,&nbsp;donnerstags, samstags und sonntags. Freuen Sie sich auf nahtlose Anschl\u00fcsse, die Ihre Urlaubspl\u00e4ne unterst\u00fctzen.<\/p>\n\n\n\n<p class=\"has-text-align-left\">Take advantage of convenient connections and experience the delight of travelling to Scandinavia without a car. Begin your journey of discovery in a direct, comfortable and environmentally conscious way. Start packing and get on board \u2013 your holiday awaits!&nbsp;<\/p>\n\n\n\n<figure class=\"wp-block-image size-full\"><img loading=\"lazy\" decoding=\"async\" width=\"915\" height=\"767\" src=\"https:\/\/mvfaehrtgut.de\/wp-content\/uploads\/2025\/04\/MV-faehrt-gut-Sassnitz-Saisonverkehr-Karte-Mukran.png\" alt=\"\" class=\"wp-image-4297\" srcset=\"https:\/\/mvfaehrtgut.de\/wp-content\/uploads\/2025\/04\/MV-faehrt-gut-Sassnitz-Saisonverkehr-Karte-Mukran.png 915w, https:\/\/mvfaehrtgut.de\/wp-content\/uploads\/2025\/04\/MV-faehrt-gut-Sassnitz-Saisonverkehr-Karte-Mukran-600x503.png 600w, https:\/\/mvfaehrtgut.de\/wp-content\/uploads\/2025\/04\/MV-faehrt-gut-Sassnitz-Saisonverkehr-Karte-Mukran-768x644.png 768w\" sizes=\"auto, (max-width: 915px) 100vw, 915px\" \/><\/figure>\n<\/div>\n\n\n\n<div class=\"wp-block-group alignfull has-custom-f-2-fafe-background-color has-background has-global-padding is-layout-constrained wp-block-group-is-layout-constrained\" style=\"margin-top:0;margin-bottom:0;padding-top:var(--wp--preset--spacing--80);padding-bottom:var(--wp--preset--spacing--80)\">\n<h2 class=\"wp-block-heading has-text-align-center\">Exciting destinations to look forward to:<\/h2>\n\n\n\n<div class=\"wp-block-columns is-layout-flex wp-container-core-columns-is-layout-28f84493 wp-block-columns-is-layout-flex\">\n<div class=\"wp-block-column is-layout-flow wp-block-column-is-layout-flow\">\n<figure class=\"wp-block-image size-full\"><img loading=\"lazy\" decoding=\"async\" width=\"360\" height=\"230\" src=\"https:\/\/mvfaehrtgut.de\/wp-content\/uploads\/2025\/02\/MV-faehrt-gut-Sassnitz-Saisonverkehr-Ronne.jpg\" alt=\"\" class=\"wp-image-3933\"\/><\/figure>\n\n\n\n<h3 class=\"wp-block-heading\">R\u00f8nne\/Bornholm<\/h3>\n\n\n\n<p>R\u00f8nne, the heart of Bornholm, is a picturesque little coastal town where historic merchant houses meet creative ceramic workshops. Bornholm's wild and romantic feel is just a stone\u2019s throw away.<\/p>\n<\/div>\n\n\n\n<div class=\"wp-block-column is-layout-flow wp-block-column-is-layout-flow\">\n<figure class=\"wp-block-image size-full\"><img loading=\"lazy\" decoding=\"async\" width=\"360\" height=\"230\" src=\"https:\/\/mvfaehrtgut.de\/wp-content\/uploads\/2025\/02\/MV-faehrt-gut-Sassnitz-Saisonverkehr-Bergen.jpg\" alt=\"\" class=\"wp-image-3934\"\/><\/figure>\n\n\n\n<h3 class=\"wp-block-heading\">Bergen auf R\u00fcgen<\/h3>\n\n\n\n<p>Against the picturesque backdrop of chalk formations, Bergen auf R\u00fcgen is a dream for nature lovers. The white cliffs reign majestically over the deep blue ocean \u2013 an extraordinary natural spectacle.<\/p>\n<\/div>\n\n\n\n<div class=\"wp-block-column is-layout-flow wp-block-column-is-layout-flow\">\n<figure class=\"wp-block-image size-full\"><img loading=\"lazy\" decoding=\"async\" width=\"360\" height=\"230\" src=\"https:\/\/mvfaehrtgut.de\/wp-content\/uploads\/2025\/02\/MV-faehrt-gut-Sassnitz-Saisonverkehr-Kopenhagen.jpg\" alt=\"\" class=\"wp-image-3935\"\/><\/figure>\n\n\n\n<h3 class=\"wp-block-heading\">Copenhagen<\/h3>\n\n\n\n<p>Denmark's vibrant capital city is the perfect blend of cultural delights and Danish hygge. Colourful Nyhavn and the fairytale Amalienborg Palace invite you on an unforgettable journey of discovery.<\/p>\n<\/div>\n<\/div>\n<\/div>\n\n\n\n<div class=\"wp-block-group alignfull has-global-padding is-layout-constrained wp-block-group-is-layout-constrained\" style=\"margin-top:0;margin-bottom:0;padding-top:var(--wp--preset--spacing--80);padding-bottom:var(--wp--preset--spacing--80)\">\n<h2 class=\"wp-block-heading has-text-align-center\">Fahrplan f\u00fcr die Saison 2026 <\/h2>\n\n\n\n<div class=\"wp-block-media-text is-stacked-on-mobile\" style=\"grid-template-columns:30% auto\"><figure class=\"wp-block-media-text__media\"><img loading=\"lazy\" decoding=\"async\" width=\"1100\" height=\"619\" src=\"https:\/\/mvfaehrtgut.de\/wp-content\/uploads\/2022\/10\/RE27-scaled-1-1100x619.jpg\" alt=\"Roter Regionalzug der HANS am Bahnhof in Mecklenburg-Vorpommern; Reisende mit Gep\u00e4ck warten am Bahnsteig.\" class=\"wp-image-1254 size-full\" srcset=\"https:\/\/mvfaehrtgut.de\/wp-content\/uploads\/2022\/10\/RE27-scaled-1-1100x619.jpg 1100w, https:\/\/mvfaehrtgut.de\/wp-content\/uploads\/2022\/10\/RE27-scaled-1-600x338.jpg 600w, https:\/\/mvfaehrtgut.de\/wp-content\/uploads\/2022\/10\/RE27-scaled-1-768x432.jpg 768w, https:\/\/mvfaehrtgut.de\/wp-content\/uploads\/2022\/10\/RE27-scaled-1-1536x864.jpg 1536w, https:\/\/mvfaehrtgut.de\/wp-content\/uploads\/2022\/10\/RE27-scaled-1-2048x1152.jpg 2048w\" sizes=\"auto, (max-width: 1100px) 100vw, 1100px\" \/><\/figure><div class=\"wp-block-media-text__content\">\n<div style=\"height:40px\" aria-hidden=\"true\" class=\"wp-block-spacer is-style-util-mobile-only\"><\/div>\n\n\n\n<figure class=\"wp-block-image size-full is-resized has-custom-border\"><a href=\"https:\/\/www.hanseatische-eisenbahn.de\/files\/media\/portfolio\/Fahrplaene\/fahrplan_RE27.pdf\" target=\"_blank\" rel=\" noreferrer noopener\"><img decoding=\"async\" src=\"https:\/\/mvfaehrtgut.de\/wp-content\/uploads\/2025\/02\/MV-faehrt-gut-liniensignet_RE27_vr.svg\" alt=\"\" class=\"wp-image-3928\" style=\"border-radius:0px;width:86px;height:auto\"\/><\/a><\/figure>\n\n\n\n<p><strong>Bergen auf R\u00fcgen \u2013 Sa\u00dfnitz ferry port<\/strong> (zwischen dem 13. Mai und dem 17. Oktober 2026)<\/p>\n\n\n\n<p>Den Fahrplan der Hanseatischen Eisenbahn (HANS, RE27) finden Sie <a href=\"https:\/\/www.hanseatische-eisenbahn.de\/files\/media\/portfolio\/Fahrplaene\/fahrplan_RE27.pdf\" type=\"link\" id=\"https:\/\/www.hanseatische-eisenbahn.de\/files\/media\/portfolio\/Fahrplaene\/fahrplan_RE27.pdf\" target=\"_blank\" rel=\"noreferrer noopener\">here<\/a>.<\/p>\n<\/div><\/div>\n<\/div>","protected":false},"excerpt":{"rendered":"<p>Saisonverkehr&nbsp;F\u00e4hrhafen Sassnitz 2026 Mit dem Zug direkt in den Hafen und zu den F\u00e4hren nach Bornholm (D\u00e4nemark) vom 13. Mai bis 17. Oktober 2026 Willkommen auf Ihrem Weg nach Norden! Ihre Reise zu den F\u00e4hren nach Skandinavien beginnt mit einer entspannten Zugfahrt: Genie\u00dfen Sie die Fahrt mit der RE27 von Bergen auf R\u00fcgen zum F\u00e4hrhafen [&hellip;]<\/p>\n","protected":false},"author":3,"featured_media":0,"parent":0,"menu_order":4,"comment_status":"closed","ping_status":"closed","template":"","meta":{"_acf_changed":false,"footnotes":""},"mi-filters":[],"class_list":["post-3921","page","type-page","status-publish","hentry"],"acf":[],"yoast_head":"<!-- This site is optimized with the Yoast SEO plugin v27.4 - https:\/\/yoast.com\/product\/yoast-seo-wordpress\/ -->\n<title>Saisonverkehr F\u00e4hrhafen Sassnitz - MV f\u00e4hrt gut<\/title>\n<meta name=\"description\" content=\"Mit der RE27 bequem zum F\u00e4hrhafen Sassnitz \u2013 Saisonverkehr 2025 f\u00fcr schnelle Anschl\u00fcsse nach Bornholm und Skandinavien.\" \/>\n<meta name=\"robots\" content=\"index, follow, max-snippet:-1, max-image-preview:large, max-video-preview:-1\" \/>\n<link rel=\"canonical\" href=\"https:\/\/mvfaehrtgut.de\/en\/saisonverkehr-faehrhafen-sassnitz\/\" \/>\n<meta property=\"og:locale\" content=\"en_GB\" \/>\n<meta property=\"og:type\" content=\"article\" \/>\n<meta property=\"og:title\" content=\"Saisonverkehr F\u00e4hrhafen Sassnitz - MV f\u00e4hrt gut\" \/>\n<meta property=\"og:description\" content=\"Mit der RE27 bequem zum F\u00e4hrhafen Sassnitz \u2013 Saisonverkehr 2025 f\u00fcr schnelle Anschl\u00fcsse nach Bornholm und Skandinavien.\" \/>\n<meta property=\"og:url\" content=\"https:\/\/mvfaehrtgut.de\/en\/saisonverkehr-faehrhafen-sassnitz\/\" \/>\n<meta property=\"og:site_name\" content=\"MV f\u00e4hrt gut\" \/>\n<meta property=\"article:modified_time\" content=\"2026-05-06T08:17:51+00:00\" \/>\n<meta property=\"og:image\" content=\"https:\/\/mvfaehrtgut.de\/wp-content\/uploads\/2025\/04\/MV-faehrt-gut-Sassnitz-Saisonverkehr-Hero.jpg\" \/>\n\t<meta property=\"og:image:width\" content=\"2160\" \/>\n\t<meta property=\"og:image:height\" content=\"1300\" \/>\n\t<meta property=\"og:image:type\" content=\"image\/jpeg\" \/>\n<script type=\"application\/ld+json\" class=\"yoast-schema-graph\">{\"@context\":\"https:\\\/\\\/schema.org\",\"@graph\":[{\"@type\":\"WebPage\",\"@id\":\"https:\\\/\\\/mvfaehrtgut.de\\\/saisonverkehr-faehrhafen-sassnitz\\\/\",\"url\":\"https:\\\/\\\/mvfaehrtgut.de\\\/saisonverkehr-faehrhafen-sassnitz\\\/\",\"name\":\"Saisonverkehr F\u00e4hrhafen Sassnitz - MV f\u00e4hrt gut\",\"isPartOf\":{\"@id\":\"https:\\\/\\\/mvfaehrtgut.de\\\/#website\"},\"primaryImageOfPage\":{\"@id\":\"https:\\\/\\\/mvfaehrtgut.de\\\/saisonverkehr-faehrhafen-sassnitz\\\/#primaryimage\"},\"image\":{\"@id\":\"https:\\\/\\\/mvfaehrtgut.de\\\/saisonverkehr-faehrhafen-sassnitz\\\/#primaryimage\"},\"thumbnailUrl\":\"https:\\\/\\\/mvfaehrtgut.de\\\/wp-content\\\/uploads\\\/2025\\\/04\\\/MV-faehrt-gut-Sassnitz-Saisonverkehr-Hero-1100x662.jpg\",\"datePublished\":\"2025-02-10T12:51:24+00:00\",\"dateModified\":\"2026-05-06T08:17:51+00:00\",\"description\":\"Mit der RE27 bequem zum F\u00e4hrhafen Sassnitz \u2013 Saisonverkehr 2025 f\u00fcr schnelle Anschl\u00fcsse nach Bornholm und Skandinavien.\",\"breadcrumb\":{\"@id\":\"https:\\\/\\\/mvfaehrtgut.de\\\/saisonverkehr-faehrhafen-sassnitz\\\/#breadcrumb\"},\"inLanguage\":\"en-GB\",\"potentialAction\":[{\"@type\":\"ReadAction\",\"target\":[\"https:\\\/\\\/mvfaehrtgut.de\\\/saisonverkehr-faehrhafen-sassnitz\\\/\"]}]},{\"@type\":\"ImageObject\",\"inLanguage\":\"en-GB\",\"@id\":\"https:\\\/\\\/mvfaehrtgut.de\\\/saisonverkehr-faehrhafen-sassnitz\\\/#primaryimage\",\"url\":\"https:\\\/\\\/mvfaehrtgut.de\\\/wp-content\\\/uploads\\\/2025\\\/04\\\/MV-faehrt-gut-Sassnitz-Saisonverkehr-Hero-1100x662.jpg\",\"contentUrl\":\"https:\\\/\\\/mvfaehrtgut.de\\\/wp-content\\\/uploads\\\/2025\\\/04\\\/MV-faehrt-gut-Sassnitz-Saisonverkehr-Hero-1100x662.jpg\"},{\"@type\":\"BreadcrumbList\",\"@id\":\"https:\\\/\\\/mvfaehrtgut.de\\\/saisonverkehr-faehrhafen-sassnitz\\\/#breadcrumb\",\"itemListElement\":[{\"@type\":\"ListItem\",\"position\":1,\"name\":\"MV f\u00e4hrt gut\",\"item\":\"https:\\\/\\\/mvfaehrtgut.de\\\/\"},{\"@type\":\"ListItem\",\"position\":2,\"name\":\"Saisonverkehr F\u00e4hrhafen Sassnitz\"}]},{\"@type\":\"WebSite\",\"@id\":\"https:\\\/\\\/mvfaehrtgut.de\\\/#website\",\"url\":\"https:\\\/\\\/mvfaehrtgut.de\\\/\",\"name\":\"MV f\u00e4hrt gut\",\"description\":\"\",\"publisher\":{\"@id\":\"https:\\\/\\\/mvfaehrtgut.de\\\/#organization\"},\"potentialAction\":[{\"@type\":\"SearchAction\",\"target\":{\"@type\":\"EntryPoint\",\"urlTemplate\":\"https:\\\/\\\/mvfaehrtgut.de\\\/?s={search_term_string}\"},\"query-input\":{\"@type\":\"PropertyValueSpecification\",\"valueRequired\":true,\"valueName\":\"search_term_string\"}}],\"inLanguage\":\"en-GB\"},{\"@type\":\"Organization\",\"@id\":\"https:\\\/\\\/mvfaehrtgut.de\\\/#organization\",\"name\":\"VMV \u2013 Verkehrsgesellschaft Mecklenburg-Vorpommern mbH\",\"url\":\"https:\\\/\\\/mvfaehrtgut.de\\\/\",\"logo\":{\"@type\":\"ImageObject\",\"inLanguage\":\"en-GB\",\"@id\":\"https:\\\/\\\/mvfaehrtgut.de\\\/#\\\/schema\\\/logo\\\/image\\\/\",\"url\":\"https:\\\/\\\/mvfaehrtgut.de\\\/wp-content\\\/uploads\\\/2025\\\/08\\\/MV_faehrt_gut_mit_scrolleffekt.svg\",\"contentUrl\":\"https:\\\/\\\/mvfaehrtgut.de\\\/wp-content\\\/uploads\\\/2025\\\/08\\\/MV_faehrt_gut_mit_scrolleffekt.svg\",\"caption\":\"VMV \u2013 Verkehrsgesellschaft Mecklenburg-Vorpommern mbH\"},\"image\":{\"@id\":\"https:\\\/\\\/mvfaehrtgut.de\\\/#\\\/schema\\\/logo\\\/image\\\/\"}}]}<\/script>\n<!-- \/ Yoast SEO plugin. -->","yoast_head_json":{"title":"Saisonverkehr F\u00e4hrhafen Sassnitz - MV f\u00e4hrt gut","description":"Mit der RE27 bequem zum F\u00e4hrhafen Sassnitz \u2013 Saisonverkehr 2025 f\u00fcr schnelle Anschl\u00fcsse nach Bornholm und Skandinavien.","robots":{"index":"index","follow":"follow","max-snippet":"max-snippet:-1","max-image-preview":"max-image-preview:large","max-video-preview":"max-video-preview:-1"},"canonical":"https:\/\/mvfaehrtgut.de\/en\/saisonverkehr-faehrhafen-sassnitz\/","og_locale":"en_GB","og_type":"article","og_title":"Saisonverkehr F\u00e4hrhafen Sassnitz - MV f\u00e4hrt gut","og_description":"Mit der RE27 bequem zum F\u00e4hrhafen Sassnitz \u2013 Saisonverkehr 2025 f\u00fcr schnelle Anschl\u00fcsse nach Bornholm und Skandinavien.","og_url":"https:\/\/mvfaehrtgut.de\/en\/saisonverkehr-faehrhafen-sassnitz\/","og_site_name":"MV f\u00e4hrt gut","article_modified_time":"2026-05-06T08:17:51+00:00","og_image":[{"width":2160,"height":1300,"url":"https:\/\/mvfaehrtgut.de\/wp-content\/uploads\/2025\/04\/MV-faehrt-gut-Sassnitz-Saisonverkehr-Hero.jpg","type":"image\/jpeg"}],"schema":{"@context":"https:\/\/schema.org","@graph":[{"@type":"WebPage","@id":"https:\/\/mvfaehrtgut.de\/saisonverkehr-faehrhafen-sassnitz\/","url":"https:\/\/mvfaehrtgut.de\/saisonverkehr-faehrhafen-sassnitz\/","name":"Saisonverkehr F\u00e4hrhafen Sassnitz - MV f\u00e4hrt gut","isPartOf":{"@id":"https:\/\/mvfaehrtgut.de\/#website"},"primaryImageOfPage":{"@id":"https:\/\/mvfaehrtgut.de\/saisonverkehr-faehrhafen-sassnitz\/#primaryimage"},"image":{"@id":"https:\/\/mvfaehrtgut.de\/saisonverkehr-faehrhafen-sassnitz\/#primaryimage"},"thumbnailUrl":"https:\/\/mvfaehrtgut.de\/wp-content\/uploads\/2025\/04\/MV-faehrt-gut-Sassnitz-Saisonverkehr-Hero-1100x662.jpg","datePublished":"2025-02-10T12:51:24+00:00","dateModified":"2026-05-06T08:17:51+00:00","description":"Mit der RE27 bequem zum F\u00e4hrhafen Sassnitz \u2013 Saisonverkehr 2025 f\u00fcr schnelle Anschl\u00fcsse nach Bornholm und Skandinavien.","breadcrumb":{"@id":"https:\/\/mvfaehrtgut.de\/saisonverkehr-faehrhafen-sassnitz\/#breadcrumb"},"inLanguage":"en-GB","potentialAction":[{"@type":"ReadAction","target":["https:\/\/mvfaehrtgut.de\/saisonverkehr-faehrhafen-sassnitz\/"]}]},{"@type":"ImageObject","inLanguage":"en-GB","@id":"https:\/\/mvfaehrtgut.de\/saisonverkehr-faehrhafen-sassnitz\/#primaryimage","url":"https:\/\/mvfaehrtgut.de\/wp-content\/uploads\/2025\/04\/MV-faehrt-gut-Sassnitz-Saisonverkehr-Hero-1100x662.jpg","contentUrl":"https:\/\/mvfaehrtgut.de\/wp-content\/uploads\/2025\/04\/MV-faehrt-gut-Sassnitz-Saisonverkehr-Hero-1100x662.jpg"},{"@type":"BreadcrumbList","@id":"https:\/\/mvfaehrtgut.de\/saisonverkehr-faehrhafen-sassnitz\/#breadcrumb","itemListElement":[{"@type":"ListItem","position":1,"name":"MV f\u00e4hrt gut","item":"https:\/\/mvfaehrtgut.de\/"},{"@type":"ListItem","position":2,"name":"Saisonverkehr F\u00e4hrhafen Sassnitz"}]},{"@type":"WebSite","@id":"https:\/\/mvfaehrtgut.de\/#website","url":"https:\/\/mvfaehrtgut.de\/","name":"MV on the move","description":"","publisher":{"@id":"https:\/\/mvfaehrtgut.de\/#organization"},"potentialAction":[{"@type":"SearchAction","target":{"@type":"EntryPoint","urlTemplate":"https:\/\/mvfaehrtgut.de\/?s={search_term_string}"},"query-input":{"@type":"PropertyValueSpecification","valueRequired":true,"valueName":"search_term_string"}}],"inLanguage":"en-GB"},{"@type":"Organization","@id":"https:\/\/mvfaehrtgut.de\/#organization","name":"VMV \u2013 Verkehrsgesellschaft Mecklenburg-Vorpommern mbH","url":"https:\/\/mvfaehrtgut.de\/","logo":{"@type":"ImageObject","inLanguage":"en-GB","@id":"https:\/\/mvfaehrtgut.de\/#\/schema\/logo\/image\/","url":"https:\/\/mvfaehrtgut.de\/wp-content\/uploads\/2025\/08\/MV_faehrt_gut_mit_scrolleffekt.svg","contentUrl":"https:\/\/mvfaehrtgut.de\/wp-content\/uploads\/2025\/08\/MV_faehrt_gut_mit_scrolleffekt.svg","caption":"VMV \u2013 Verkehrsgesellschaft Mecklenburg-Vorpommern mbH"},"image":{"@id":"https:\/\/mvfaehrtgut.de\/#\/schema\/logo\/image\/"}}]}},"_links":{"self":[{"href":"https:\/\/mvfaehrtgut.de\/en\/wp-json\/wp\/v2\/pages\/3921","targetHints":{"allow":["GET"]}}],"collection":[{"href":"https:\/\/mvfaehrtgut.de\/en\/wp-json\/wp\/v2\/pages"}],"about":[{"href":"https:\/\/mvfaehrtgut.de\/en\/wp-json\/wp\/v2\/types\/page"}],"author":[{"embeddable":true,"href":"https:\/\/mvfaehrtgut.de\/en\/wp-json\/wp\/v2\/users\/3"}],"replies":[{"embeddable":true,"href":"https:\/\/mvfaehrtgut.de\/en\/wp-json\/wp\/v2\/comments?post=3921"}],"version-history":[{"count":17,"href":"https:\/\/mvfaehrtgut.de\/en\/wp-json\/wp\/v2\/pages\/3921\/revisions"}],"predecessor-version":[{"id":5360,"href":"https:\/\/mvfaehrtgut.de\/en\/wp-json\/wp\/v2\/pages\/3921\/revisions\/5360"}],"wp:attachment":[{"href":"https:\/\/mvfaehrtgut.de\/en\/wp-json\/wp\/v2\/media?parent=3921"}],"wp:term":[{"taxonomy":"mi-filters","embeddable":true,"href":"https:\/\/mvfaehrtgut.de\/en\/wp-json\/wp\/v2\/mi-filters?post=3921"}],"curies":[{"name":"wp","href":"https:\/\/api.w.org\/{rel}","templated":true}]}}