{"id":3240,"date":"2024-12-06T11:42:01","date_gmt":"2024-12-06T10:42:01","guid":{"rendered":"https:\/\/vmv.moerchen-dev.de\/?page_id=3240"},"modified":"2025-12-11T14:54:33","modified_gmt":"2025-12-11T13:54:33","slug":"kontakt","status":"publish","type":"page","link":"https:\/\/mvfaehrtgut.de\/en\/kontakt\/","title":{"rendered":"Contact"},"content":{"rendered":"\n<div class=\"wp-block-media-text alignfull has-media-on-the-right is-stacked-on-mobile is-style-vmv-bogen-links\" style=\"grid-template-columns:auto 60%\"><div class=\"wp-block-media-text__content\">\n<p style=\"padding-right:var(--wp--preset--spacing--60);padding-left:var(--wp--preset--spacing--60);font-size:clamp(26.465px, 1.654rem + ((1vw - 3.2px) * 1.891), 45px);font-style:normal;font-weight:600;line-height:1.2;text-transform:uppercase\">Fragen, W\u00fcnsche, Anregungen?<\/p>\n\n\n\n<div style=\"height:20px\" aria-hidden=\"true\" class=\"wp-block-spacer is-style-util-mobile-only\"><\/div>\n<\/div><figure class=\"wp-block-media-text__media\"><img loading=\"lazy\" decoding=\"async\" width=\"1100\" height=\"662\" src=\"https:\/\/mvfaehrtgut.de\/wp-content\/uploads\/2025\/04\/MV-faehrt-gut-Hero-Kontakt-1100x662.jpg\" alt=\"\" class=\"wp-image-4322 size-full\" srcset=\"https:\/\/mvfaehrtgut.de\/wp-content\/uploads\/2025\/04\/MV-faehrt-gut-Hero-Kontakt-1100x662.jpg 1100w, https:\/\/mvfaehrtgut.de\/wp-content\/uploads\/2025\/04\/MV-faehrt-gut-Hero-Kontakt-600x361.jpg 600w, https:\/\/mvfaehrtgut.de\/wp-content\/uploads\/2025\/04\/MV-faehrt-gut-Hero-Kontakt-768x462.jpg 768w, https:\/\/mvfaehrtgut.de\/wp-content\/uploads\/2025\/04\/MV-faehrt-gut-Hero-Kontakt-1536x924.jpg 1536w, https:\/\/mvfaehrtgut.de\/wp-content\/uploads\/2025\/04\/MV-faehrt-gut-Hero-Kontakt-2048x1233.jpg 2048w\" sizes=\"auto, (max-width: 1100px) 100vw, 1100px\" \/><\/figure><\/div>\n\n\n\n<div class=\"wp-block-group alignfull has-tertiary-background-color has-background has-global-padding is-layout-constrained wp-block-group-is-layout-constrained\" style=\"margin-top:0;margin-bottom:0;padding-top:var(--wp--preset--spacing--80);padding-bottom:var(--wp--preset--spacing--80)\">\n<h1 class=\"wp-block-heading has-text-align-center\">Schreiben Sie uns!<\/h1>\n\n\n\n<p class=\"has-text-align-center\">Ihre Angaben verwenden wir f\u00fcr die Beantwortung Ihrer Anfrage bzw. zur Kontaktaufnahme. Sie k\u00f6nnen Ihre erteilte Einwilligung jederzeit mit Wirkung f\u00fcr die Zukunft widerrufen. Im Falle des Widerrufs werden Ihre Daten umgehend gel\u00f6scht. Ihre Daten werden ansonsten gel\u00f6scht, wenn wir Ihre Anfrage bearbeitet haben oder der Zweck der Speicherung entfallen ist. Sie k\u00f6nnen sich jederzeit \u00fcber die zu Ihrer Person gespeicherten Daten informieren. Weitere Informationen zum Datenschutz finden Sie auch in der\u00a0<a href=\"https:\/\/mvfaehrtgut.de\/privacy-policy\/\">Datenschutzerkl\u00e4rung<\/a>\u00a0dieser Webseite. (*Pflichtfelder)<\/p>\n<\/div>\n\n\n\n<div class=\"wp-block-group alignfull has-base-background-color has-background has-global-padding is-layout-constrained wp-block-group-is-layout-constrained\" style=\"margin-top:0;margin-bottom:0;padding-top:var(--wp--preset--spacing--80);padding-bottom:var(--wp--preset--spacing--80)\">\n<h1 class=\"wp-block-heading has-text-align-center\">Kontakt<\/h1>\n\n\n<form class=\"af-form acf-form\" method=\"POST\" action=\"https:\/\/mvfaehrtgut.de\/en\/wp-json\/wp\/v2\/pages\/3240\" id=\"form_681c62c992b22\" data-key=\"form_681c62c992b22\"><div class=\"af-fields acf-fields acf-form-fields -top\">\t<div id=\"acf-form-data\" class=\"acf-hidden\">\n\t\t<input type=\"hidden\" id=\"_acf_screen\" name=\"_acf_screen\" value=\"acf_form\"\/><input type=\"hidden\" id=\"_acf_post_id\" name=\"_acf_post_id\" value=\"0\"\/><input type=\"hidden\" id=\"_acf_validation\" name=\"_acf_validation\" value=\"1\"\/><input type=\"hidden\" id=\"_acf_form\" name=\"_acf_form\" value=\"0\"\/><input type=\"hidden\" id=\"_acf_nonce\" name=\"_acf_nonce\" value=\"64353cf038\"\/><input type=\"hidden\" id=\"_acf_changed\" name=\"_acf_changed\" value=\"0\"\/>\t<\/div>\n\t<div class=\"acf-hidden\"><input type=\"hidden\" name=\"_acfnonce\" value=\"26276a1a95\"><input type=\"hidden\" name=\"nonce\" value=\"26276a1a95\"><input type=\"hidden\" name=\"af_form\" value=\"form_681c62c992b22\"><input type=\"hidden\" name=\"af_form_args\" value=\"eyJhamF4IjpmYWxzZSwiZGlzcGxheV90aXRsZSI6ZmFsc2UsImRpc3BsYXlfZGVzY3JpcHRpb24iOmZhbHNlLCJpZCI6ImZvcm1fNjgxYzYyYzk5MmIyMiIsInZhbHVlcyI6W10sInN1Ym1pdF90ZXh0IjoiQW5mcmFnZSBzZW5kZW4iLCJyZWRpcmVjdCI6bnVsbCwidGFyZ2V0IjoiaHR0cHM6XC9cL212ZmFlaHJ0Z3V0LmRlXC9lblwvd3AtanNvblwvd3BcL3YyXC9wYWdlc1wvMzI0MCIsImVjaG8iOnRydWUsImV4Y2x1ZGVfZmllbGRzIjpbXSwidXBsb2FkZXIiOiJ3cCIsImZpbHRlcl9tb2RlIjpmYWxzZSwibGFiZWxfcGxhY2VtZW50IjoidG9wIiwiaW5zdHJ1Y3Rpb25fcGxhY2VtZW50IjoibGFiZWwiLCJob25leXBvdCI6dHJ1ZX0=\"><input type=\"hidden\" name=\"_acf_form\" value=\"eyJhamF4IjpmYWxzZSwiZGlzcGxheV90aXRsZSI6ZmFsc2UsImRpc3BsYXlfZGVzY3JpcHRpb24iOmZhbHNlLCJpZCI6ImZvcm1fNjgxYzYyYzk5MmIyMiIsInZhbHVlcyI6W10sInN1Ym1pdF90ZXh0IjoiQW5mcmFnZSBzZW5kZW4iLCJyZWRpcmVjdCI6bnVsbCwidGFyZ2V0IjoiaHR0cHM6XC9cL212ZmFlaHJ0Z3V0LmRlXC9lblwvd3AtanNvblwvd3BcL3YyXC9wYWdlc1wvMzI0MCIsImVjaG8iOnRydWUsImV4Y2x1ZGVfZmllbGRzIjpbXSwidXBsb2FkZXIiOiJ3cCIsImZpbHRlcl9tb2RlIjpmYWxzZSwibGFiZWxfcGxhY2VtZW50IjoidG9wIiwiaW5zdHJ1Y3Rpb25fcGxhY2VtZW50IjoibGFiZWwiLCJob25leXBvdCI6dHJ1ZX0=\"><input type=\"hidden\" name=\"af_form_nonce\" value=\"cf5b3c8cac\"><label for=\"af_email_for_non_humans_form_681c62c992b22\" aria-hidden=\"true\">Email for non-humans<\/label><input type=\"text\" name=\"email_for_non_humans\" id=\"af_email_for_non_humans_form_681c62c992b22\" tabindex=\"-1\" autocomplete=\"off\" \/><input type=\"hidden\" name=\"af_origin_url\" value=\"https:\/\/mvfaehrtgut.de\/en\/wp-json\/wp\/v2\/pages\/3240\" \/><\/div><div class=\"submit-toggle af-field af-field-type-select af-field-thema acf-field acf-field-select acf-field-681c62bc7b00d\" data-name=\"thema\" data-key=\"field_681c62bc7b00d\" data-type=\"select\"><div class=\"af-label acf-label\"><label for=\"acf-field_681c62bc7b00d\">Thema<\/label><\/div><div class=\"af-input acf-input\"><select id=\"acf-field_681c62bc7b00d\" class=\"\" name=\"acf[field_681c62bc7b00d]\" data-ui=\"0\" data-ajax=\"0\" data-multiple=\"0\" data-placeholder=\"Select\" data-allow_null=\"0\"><option value=\"keins_hide_submit\">Bitte Thema w\u00e4hlen<\/option><option value=\"de_ticket_senioren_hide_submit\">Deutschlandticket f\u00fcr Senioren aus MV?<\/option><option value=\"de_ticket_azubis_hide_submit\">Deutschlandticket f\u00fcr Azubis in MV?<\/option><option value=\"fahrplanauskunft_hide_submit\">Suchen Sie eine Fahrplanauskunft?<\/option><option value=\"fahrplanauskunft_technik\">Haben Sie eine technische Anfrage zur Fahrplanauskunft?<\/option><option value=\"sonstiges\">Sonstiges<\/option><\/select><\/div><\/div><div class=\"af-field af-field-type-message af-field- acf-field acf-field-message acf-field-681c64ff31f3a\" data-name=\"\" data-key=\"field_681c64ff31f3a\" data-type=\"message\" data-conditions=\"[[{&quot;field&quot;:&quot;field_681c62bc7b00d&quot;,&quot;operator&quot;:&quot;==&quot;,&quot;value&quot;:&quot;de_ticket_senioren_hide_submit&quot;}]]\"><div class=\"af-label acf-label\"><label for=\"acf-field_681c64ff31f3a\">Deutschlandticket f\u00fcr Senioren aus MV?<\/label><\/div><div class=\"af-input acf-input\"><p>Wir als VMV \u2013 Verkehrsgesellschaft Mecklenburg-Vorpommern mbH, sind nicht der Vertriebsdienstleister f\u00fcr das Deutschland-Ticket und haben somit keinen Zugriff auf bestehende oder zuk\u00fcnftige Abos. <\/p>\n<p>Bitte wenden Sie sich mit Ihrem Anliegen an unseren Vertriebsdienstleister, den Verkehrsverbund Warnow (VVW), unter der Servicehotline: 0381\/8021900 von Mo. \u2013 Fr.: 8 \u2013 16 Uhr oder via Mail unter: <a href=\"mailto:abo@d-ticket-senioren.de\">abo@d-ticket-senioren.de<\/a>. <\/p>\n<p>Vielen Dank, Ihre VMV-Verkehrsgesellschaft Mecklenburg-Vorpommern mbH<\/p>\n<\/div><\/div><div class=\"af-field af-field-type-message af-field- acf-field acf-field-message acf-field-681c65717b70a\" data-name=\"\" data-key=\"field_681c65717b70a\" data-type=\"message\" data-conditions=\"[[{&quot;field&quot;:&quot;field_681c62bc7b00d&quot;,&quot;operator&quot;:&quot;==&quot;,&quot;value&quot;:&quot;de_ticket_azubis_hide_submit&quot;}]]\"><div class=\"af-label acf-label\"><label for=\"acf-field_681c65717b70a\">Deutschlandticket f\u00fcr Azubis in MV?<\/label><\/div><div class=\"af-input acf-input\"><p>Wir als VMV \u2013 Verkehrsgesellschaft Mecklenburg-Vorpommern mbH, sind nicht der Vertriebsdienstleister f\u00fcr das Deutschland-Ticket und haben somit keinen Zugriff auf bestehende oder zuk\u00fcnftige Abos. <\/p>\n<p>Bitte wenden Sie sich mit Ihrem Anliegen an unseren Vertriebsdienstleister, den Verkehrsverbund Warnow (VVW), unter der Servicehotline: 0381\/8021900 von Mo. \u2013 Fr.: 8 \u2013 16 Uhr oder via Mail unter: <a href=\"mailto:abo@d-ticket-azubis.de\">abo@d-ticket-azubis.de<\/a>. <\/p>\n<p>Vielen Dank, Ihre VMV-Verkehrsgesellschaft Mecklenburg-Vorpommern mbH<\/p>\n<\/div><\/div><div class=\"af-field af-field-type-message af-field- acf-field acf-field-message acf-field-681c65d86e6d4\" data-name=\"\" data-key=\"field_681c65d86e6d4\" data-type=\"message\" data-conditions=\"[[{&quot;field&quot;:&quot;field_681c62bc7b00d&quot;,&quot;operator&quot;:&quot;==&quot;,&quot;value&quot;:&quot;fahrplanauskunft_hide_submit&quot;}]]\"><div class=\"af-label acf-label\"><label for=\"acf-field_681c65d86e6d4\">Suchen Sie eine Fahrplanauskunft?<\/label><\/div><div class=\"af-input acf-input\"><p>Die VMV \u2013 Verkehrsgesellschaft Mecklenburg-Vorpommern mbH, ist kein Verkehrsunternehmen noch ein Verkehrsverbund. <\/p>\n<p>Neben unserer Verantwortung als Aufgabentr\u00e4ger f\u00fcr den Schienenpersonennahverkehr im Land sind wir auch f\u00fcr den technischen Betrieb der landesweiten Fahrplanauskunft zust\u00e4ndig.<br \/>\nDie Verantwortung f\u00fcr die Linienbedienung, Haltepunkte, Fahrplandaten und deren Inhalte liegt bei den jeweiligen Verkehrsunternehmen selbst. <\/p>\n<p><strong>Bitte wenden Sie sich an das vor Ort verkehrende Verkehrsunternehmen.<\/strong><\/p>\n<p>Vielen Dank, Ihre VMV-Verkehrsgesellschaft Mecklenburg-Vorpommern mbH<\/p>\n<\/div><\/div><div class=\"af-field af-field-type-group af-field-ihre-anfrage acf-field acf-field-group acf-field-681c6362e2d99\" data-name=\"ihre_anfrage\" data-key=\"field_681c6362e2d99\" data-type=\"group\" data-conditions=\"[[{&quot;field&quot;:&quot;field_681c62bc7b00d&quot;,&quot;operator&quot;:&quot;==&quot;,&quot;value&quot;:&quot;sonstiges&quot;}],[{&quot;field&quot;:&quot;field_681c62bc7b00d&quot;,&quot;operator&quot;:&quot;==&quot;,&quot;value&quot;:&quot;fahrplanauskunft_technik&quot;}]]\"><div class=\"af-label acf-label\"><label for=\"acf-field_681c6362e2d99\">Ihre Anfrage<\/label><\/div><div class=\"af-input acf-input\"><div class=\"acf-fields -top -border\"><div class=\"acf-field acf-field-text acf-field-681c6373e2d9a is-required\" data-name=\"name\" data-type=\"text\" data-key=\"field_681c6373e2d9a\" data-required=\"1\">\n<div class=\"acf-label\">\n<label for=\"acf-field_681c6362e2d99-field_681c6373e2d9a\">Name <span class=\"acf-required\">*<\/span><\/label><\/div>\n<div class=\"acf-input\">\n<div class=\"acf-input-wrap\"><input type=\"text\" id=\"acf-field_681c6362e2d99-field_681c6373e2d9a\" name=\"acf[field_681c6362e2d99][field_681c6373e2d9a]\" required=\"required\"\/><\/div><\/div>\n<\/div>\n<div class=\"acf-field acf-field-email acf-field-681c6386e2d9b is-required\" data-name=\"email_reply_to\" data-type=\"email\" data-key=\"field_681c6386e2d9b\" data-required=\"1\">\n<div class=\"acf-label\">\n<label for=\"acf-field_681c6362e2d99-field_681c6386e2d9b\">E-Mail-Adresse <span class=\"acf-required\">*<\/span><\/label><\/div>\n<div class=\"acf-input\">\n<div class=\"acf-input-wrap\"><input type=\"email\" id=\"acf-field_681c6362e2d99-field_681c6386e2d9b\" name=\"acf[field_681c6362e2d99][field_681c6386e2d9b]\" required=\"required\"\/><\/div><\/div>\n<\/div>\n<div class=\"acf-field acf-field-textarea acf-field-681c6394e2d9c is-required\" data-name=\"nachricht\" data-type=\"textarea\" data-key=\"field_681c6394e2d9c\" data-required=\"1\">\n<div class=\"acf-label\">\n<label for=\"acf-field_681c6362e2d99-field_681c6394e2d9c\">Ihre Nachricht an uns <span class=\"acf-required\">*<\/span><\/label><\/div>\n<div class=\"acf-input\">\n<textarea id=\"acf-field_681c6362e2d99-field_681c6394e2d9c\" name=\"acf[field_681c6362e2d99][field_681c6394e2d9c]\" rows=\"8\" required=\"required\"><\/textarea><\/div>\n<\/div>\n<div class=\"acf-field acf-field-true-false acf-field-681c64248269b is-required\" data-name=\"datenschutz\" data-type=\"true_false\" data-key=\"field_681c64248269b\" data-required=\"1\">\n<div class=\"acf-label\">\n<label for=\"acf-field_681c6362e2d99-field_681c64248269b\">Datenschutz <span class=\"acf-required\">*<\/span><\/label><\/div>\n<div class=\"acf-input\">\n<div class=\"acf-true-false\">\n\t\t\t<input type=\"hidden\" name=\"acf[field_681c6362e2d99][field_681c64248269b]\" value=\"0\"\/>\t<label>\n\t\t<input type=\"checkbox\" id=\"acf-field_681c6362e2d99-field_681c64248269b\" name=\"acf[field_681c6362e2d99][field_681c64248269b]\" value=\"1\" class=\"\" autocomplete=\"off\"\/>\n\t\t\t\t\t\t\t\t\t\t<span class=\"message\">Ich erkl\u00e4re mich damit einverstanden, dass meine Angaben f\u00fcr die Beantwortung meiner Anfrage bzw. zur Kontaktaufnahme verwendet werden.<\/span>\t<\/label>\n<\/div>\n\t\t\t<\/div>\n<\/div>\n<\/div><\/div><\/div><div class=\"af-submit acf-form-submit\"><button type=\"submit\" class=\"acf-button af-submit-button wp-block-button__link\">Anfrage senden<\/button><span class=\"acf-spinner af-spinner\"><\/span><\/div><\/div><\/form><\/div>\n","protected":false},"excerpt":{"rendered":"<p>Schreiben Sie uns! Ihre Angaben verwenden wir f\u00fcr die Beantwortung Ihrer Anfrage bzw. zur Kontaktaufnahme. Sie k\u00f6nnen Ihre erteilte Einwilligung jederzeit mit Wirkung f\u00fcr die Zukunft widerrufen. Im Falle des Widerrufs werden Ihre Daten umgehend gel\u00f6scht. Ihre Daten werden ansonsten gel\u00f6scht, wenn wir Ihre Anfrage bearbeitet haben oder der Zweck der Speicherung entfallen ist. Sie [&hellip;]<\/p>\n","protected":false},"author":2,"featured_media":0,"parent":0,"menu_order":5,"comment_status":"closed","ping_status":"closed","template":"","meta":{"_acf_changed":false,"footnotes":""},"mi-filters":[],"class_list":["post-3240","page","type-page","status-publish","hentry"],"acf":[],"yoast_head":"<!-- This site is optimized with the Yoast SEO plugin v27.4 - https:\/\/yoast.com\/product\/yoast-seo-wordpress\/ -->\n<title>Kontakt - MV f\u00e4hrt gut<\/title>\n<meta name=\"description\" content=\"Kontakt zur VMV: Stellen Sie Ihre Fragen, senden Sie Anregungen oder Feedback rund um \u201eMV f\u00e4hrt gut\u201c. Wir helfen Ihnen gern weiter.\" \/>\n<meta name=\"robots\" content=\"index, follow, max-snippet:-1, max-image-preview:large, max-video-preview:-1\" \/>\n<link rel=\"canonical\" href=\"https:\/\/mvfaehrtgut.de\/en\/kontakt\/\" \/>\n<meta property=\"og:locale\" content=\"en_GB\" \/>\n<meta property=\"og:type\" content=\"article\" \/>\n<meta property=\"og:title\" content=\"Kontakt - MV f\u00e4hrt gut\" \/>\n<meta property=\"og:description\" content=\"Kontakt zur VMV: Stellen Sie Ihre Fragen, senden Sie Anregungen oder Feedback rund um \u201eMV f\u00e4hrt gut\u201c. Wir helfen Ihnen gern weiter.\" \/>\n<meta property=\"og:url\" content=\"https:\/\/mvfaehrtgut.de\/en\/kontakt\/\" \/>\n<meta property=\"og:site_name\" content=\"MV f\u00e4hrt gut\" \/>\n<meta property=\"article:modified_time\" content=\"2025-12-11T13:54:33+00:00\" \/>\n<meta property=\"og:image\" content=\"https:\/\/mvfaehrtgut.de\/wp-content\/uploads\/2025\/04\/MV-faehrt-gut-Hero-Kontakt.jpg\" \/>\n\t<meta property=\"og:image:width\" content=\"2160\" \/>\n\t<meta property=\"og:image:height\" content=\"1300\" \/>\n\t<meta property=\"og:image:type\" content=\"image\/jpeg\" \/>\n<script type=\"application\/ld+json\" class=\"yoast-schema-graph\">{\"@context\":\"https:\\\/\\\/schema.org\",\"@graph\":[{\"@type\":\"WebPage\",\"@id\":\"https:\\\/\\\/mvfaehrtgut.de\\\/kontakt\\\/\",\"url\":\"https:\\\/\\\/mvfaehrtgut.de\\\/kontakt\\\/\",\"name\":\"Kontakt - MV f\u00e4hrt gut\",\"isPartOf\":{\"@id\":\"https:\\\/\\\/mvfaehrtgut.de\\\/#website\"},\"primaryImageOfPage\":{\"@id\":\"https:\\\/\\\/mvfaehrtgut.de\\\/kontakt\\\/#primaryimage\"},\"image\":{\"@id\":\"https:\\\/\\\/mvfaehrtgut.de\\\/kontakt\\\/#primaryimage\"},\"thumbnailUrl\":\"https:\\\/\\\/mvfaehrtgut.de\\\/wp-content\\\/uploads\\\/2025\\\/04\\\/MV-faehrt-gut-Hero-Kontakt-1100x662.jpg\",\"datePublished\":\"2024-12-06T10:42:01+00:00\",\"dateModified\":\"2025-12-11T13:54:33+00:00\",\"description\":\"Kontakt zur VMV: Stellen Sie Ihre Fragen, senden Sie Anregungen oder Feedback rund um \u201eMV f\u00e4hrt gut\u201c. Wir helfen Ihnen gern weiter.\",\"breadcrumb\":{\"@id\":\"https:\\\/\\\/mvfaehrtgut.de\\\/kontakt\\\/#breadcrumb\"},\"inLanguage\":\"en-GB\",\"potentialAction\":[{\"@type\":\"ReadAction\",\"target\":[\"https:\\\/\\\/mvfaehrtgut.de\\\/kontakt\\\/\"]}]},{\"@type\":\"ImageObject\",\"inLanguage\":\"en-GB\",\"@id\":\"https:\\\/\\\/mvfaehrtgut.de\\\/kontakt\\\/#primaryimage\",\"url\":\"https:\\\/\\\/mvfaehrtgut.de\\\/wp-content\\\/uploads\\\/2025\\\/04\\\/MV-faehrt-gut-Hero-Kontakt-1100x662.jpg\",\"contentUrl\":\"https:\\\/\\\/mvfaehrtgut.de\\\/wp-content\\\/uploads\\\/2025\\\/04\\\/MV-faehrt-gut-Hero-Kontakt-1100x662.jpg\"},{\"@type\":\"BreadcrumbList\",\"@id\":\"https:\\\/\\\/mvfaehrtgut.de\\\/kontakt\\\/#breadcrumb\",\"itemListElement\":[{\"@type\":\"ListItem\",\"position\":1,\"name\":\"MV f\u00e4hrt gut\",\"item\":\"https:\\\/\\\/mvfaehrtgut.de\\\/\"},{\"@type\":\"ListItem\",\"position\":2,\"name\":\"Kontakt\"}]},{\"@type\":\"WebSite\",\"@id\":\"https:\\\/\\\/mvfaehrtgut.de\\\/#website\",\"url\":\"https:\\\/\\\/mvfaehrtgut.de\\\/\",\"name\":\"MV f\u00e4hrt gut\",\"description\":\"\",\"publisher\":{\"@id\":\"https:\\\/\\\/mvfaehrtgut.de\\\/#organization\"},\"potentialAction\":[{\"@type\":\"SearchAction\",\"target\":{\"@type\":\"EntryPoint\",\"urlTemplate\":\"https:\\\/\\\/mvfaehrtgut.de\\\/?s={search_term_string}\"},\"query-input\":{\"@type\":\"PropertyValueSpecification\",\"valueRequired\":true,\"valueName\":\"search_term_string\"}}],\"inLanguage\":\"en-GB\"},{\"@type\":\"Organization\",\"@id\":\"https:\\\/\\\/mvfaehrtgut.de\\\/#organization\",\"name\":\"VMV \u2013 Verkehrsgesellschaft Mecklenburg-Vorpommern mbH\",\"url\":\"https:\\\/\\\/mvfaehrtgut.de\\\/\",\"logo\":{\"@type\":\"ImageObject\",\"inLanguage\":\"en-GB\",\"@id\":\"https:\\\/\\\/mvfaehrtgut.de\\\/#\\\/schema\\\/logo\\\/image\\\/\",\"url\":\"https:\\\/\\\/mvfaehrtgut.de\\\/wp-content\\\/uploads\\\/2025\\\/08\\\/MV_faehrt_gut_mit_scrolleffekt.svg\",\"contentUrl\":\"https:\\\/\\\/mvfaehrtgut.de\\\/wp-content\\\/uploads\\\/2025\\\/08\\\/MV_faehrt_gut_mit_scrolleffekt.svg\",\"caption\":\"VMV \u2013 Verkehrsgesellschaft Mecklenburg-Vorpommern mbH\"},\"image\":{\"@id\":\"https:\\\/\\\/mvfaehrtgut.de\\\/#\\\/schema\\\/logo\\\/image\\\/\"}}]}<\/script>\n<!-- \/ Yoast SEO plugin. -->","yoast_head_json":{"title":"Kontakt - MV f\u00e4hrt gut","description":"Kontakt zur VMV: Stellen Sie Ihre Fragen, senden Sie Anregungen oder Feedback rund um \u201eMV f\u00e4hrt gut\u201c. Wir helfen Ihnen gern weiter.","robots":{"index":"index","follow":"follow","max-snippet":"max-snippet:-1","max-image-preview":"max-image-preview:large","max-video-preview":"max-video-preview:-1"},"canonical":"https:\/\/mvfaehrtgut.de\/en\/kontakt\/","og_locale":"en_GB","og_type":"article","og_title":"Kontakt - MV f\u00e4hrt gut","og_description":"Kontakt zur VMV: Stellen Sie Ihre Fragen, senden Sie Anregungen oder Feedback rund um \u201eMV f\u00e4hrt gut\u201c. Wir helfen Ihnen gern weiter.","og_url":"https:\/\/mvfaehrtgut.de\/en\/kontakt\/","og_site_name":"MV f\u00e4hrt gut","article_modified_time":"2025-12-11T13:54:33+00:00","og_image":[{"width":2160,"height":1300,"url":"https:\/\/mvfaehrtgut.de\/wp-content\/uploads\/2025\/04\/MV-faehrt-gut-Hero-Kontakt.jpg","type":"image\/jpeg"}],"schema":{"@context":"https:\/\/schema.org","@graph":[{"@type":"WebPage","@id":"https:\/\/mvfaehrtgut.de\/kontakt\/","url":"https:\/\/mvfaehrtgut.de\/kontakt\/","name":"Kontakt - MV f\u00e4hrt gut","isPartOf":{"@id":"https:\/\/mvfaehrtgut.de\/#website"},"primaryImageOfPage":{"@id":"https:\/\/mvfaehrtgut.de\/kontakt\/#primaryimage"},"image":{"@id":"https:\/\/mvfaehrtgut.de\/kontakt\/#primaryimage"},"thumbnailUrl":"https:\/\/mvfaehrtgut.de\/wp-content\/uploads\/2025\/04\/MV-faehrt-gut-Hero-Kontakt-1100x662.jpg","datePublished":"2024-12-06T10:42:01+00:00","dateModified":"2025-12-11T13:54:33+00:00","description":"Kontakt zur VMV: Stellen Sie Ihre Fragen, senden Sie Anregungen oder Feedback rund um \u201eMV f\u00e4hrt gut\u201c. Wir helfen Ihnen gern weiter.","breadcrumb":{"@id":"https:\/\/mvfaehrtgut.de\/kontakt\/#breadcrumb"},"inLanguage":"en-GB","potentialAction":[{"@type":"ReadAction","target":["https:\/\/mvfaehrtgut.de\/kontakt\/"]}]},{"@type":"ImageObject","inLanguage":"en-GB","@id":"https:\/\/mvfaehrtgut.de\/kontakt\/#primaryimage","url":"https:\/\/mvfaehrtgut.de\/wp-content\/uploads\/2025\/04\/MV-faehrt-gut-Hero-Kontakt-1100x662.jpg","contentUrl":"https:\/\/mvfaehrtgut.de\/wp-content\/uploads\/2025\/04\/MV-faehrt-gut-Hero-Kontakt-1100x662.jpg"},{"@type":"BreadcrumbList","@id":"https:\/\/mvfaehrtgut.de\/kontakt\/#breadcrumb","itemListElement":[{"@type":"ListItem","position":1,"name":"MV f\u00e4hrt gut","item":"https:\/\/mvfaehrtgut.de\/"},{"@type":"ListItem","position":2,"name":"Kontakt"}]},{"@type":"WebSite","@id":"https:\/\/mvfaehrtgut.de\/#website","url":"https:\/\/mvfaehrtgut.de\/","name":"MV on the move","description":"","publisher":{"@id":"https:\/\/mvfaehrtgut.de\/#organization"},"potentialAction":[{"@type":"SearchAction","target":{"@type":"EntryPoint","urlTemplate":"https:\/\/mvfaehrtgut.de\/?s={search_term_string}"},"query-input":{"@type":"PropertyValueSpecification","valueRequired":true,"valueName":"search_term_string"}}],"inLanguage":"en-GB"},{"@type":"Organization","@id":"https:\/\/mvfaehrtgut.de\/#organization","name":"VMV \u2013 Verkehrsgesellschaft Mecklenburg-Vorpommern mbH","url":"https:\/\/mvfaehrtgut.de\/","logo":{"@type":"ImageObject","inLanguage":"en-GB","@id":"https:\/\/mvfaehrtgut.de\/#\/schema\/logo\/image\/","url":"https:\/\/mvfaehrtgut.de\/wp-content\/uploads\/2025\/08\/MV_faehrt_gut_mit_scrolleffekt.svg","contentUrl":"https:\/\/mvfaehrtgut.de\/wp-content\/uploads\/2025\/08\/MV_faehrt_gut_mit_scrolleffekt.svg","caption":"VMV \u2013 Verkehrsgesellschaft Mecklenburg-Vorpommern mbH"},"image":{"@id":"https:\/\/mvfaehrtgut.de\/#\/schema\/logo\/image\/"}}]}},"_links":{"self":[{"href":"https:\/\/mvfaehrtgut.de\/en\/wp-json\/wp\/v2\/pages\/3240","targetHints":{"allow":["GET"]}}],"collection":[{"href":"https:\/\/mvfaehrtgut.de\/en\/wp-json\/wp\/v2\/pages"}],"about":[{"href":"https:\/\/mvfaehrtgut.de\/en\/wp-json\/wp\/v2\/types\/page"}],"author":[{"embeddable":true,"href":"https:\/\/mvfaehrtgut.de\/en\/wp-json\/wp\/v2\/users\/2"}],"replies":[{"embeddable":true,"href":"https:\/\/mvfaehrtgut.de\/en\/wp-json\/wp\/v2\/comments?post=3240"}],"version-history":[{"count":11,"href":"https:\/\/mvfaehrtgut.de\/en\/wp-json\/wp\/v2\/pages\/3240\/revisions"}],"predecessor-version":[{"id":4946,"href":"https:\/\/mvfaehrtgut.de\/en\/wp-json\/wp\/v2\/pages\/3240\/revisions\/4946"}],"wp:attachment":[{"href":"https:\/\/mvfaehrtgut.de\/en\/wp-json\/wp\/v2\/media?parent=3240"}],"wp:term":[{"taxonomy":"mi-filters","embeddable":true,"href":"https:\/\/mvfaehrtgut.de\/en\/wp-json\/wp\/v2\/mi-filters?post=3240"}],"curies":[{"name":"wp","href":"https:\/\/api.w.org\/{rel}","templated":true}]}}