{"id":3234,"date":"2024-12-06T11:39:29","date_gmt":"2024-12-06T10:39:29","guid":{"rendered":"https:\/\/vmv.moerchen-dev.de\/?page_id=3234"},"modified":"2025-12-11T14:47:25","modified_gmt":"2025-12-11T13:47:25","slug":"tickets-abos","status":"publish","type":"page","link":"https:\/\/mvfaehrtgut.de\/en\/tickets-abos\/","title":{"rendered":"Tickets"},"content":{"rendered":"<div class=\"wp-block-media-text alignfull has-media-on-the-right is-stacked-on-mobile is-style-vmv-bogen-links\" style=\"grid-template-columns:auto 60%\"><div class=\"wp-block-media-text__content\">\n<p style=\"padding-right:var(--wp--preset--spacing--60);padding-left:var(--wp--preset--spacing--60);font-size:clamp(26.465px, 1.654rem + ((1vw - 3.2px) * 1.891), 45px);font-style:normal;font-weight:600;line-height:1.2;text-transform:uppercase\">State-wide <br>ticket offers for MV<\/p>\n\n\n\n<p style=\"padding-right:var(--wp--preset--spacing--60);padding-left:var(--wp--preset--spacing--60)\">Exclusive ticket offers for Mecklenburg-Vorpommern \u2013 available for use throughout Germany at a reduced price.<\/p>\n\n\n\n<div style=\"height:20px\" aria-hidden=\"true\" class=\"wp-block-spacer is-style-util-mobile-only\"><\/div>\n<\/div><figure class=\"wp-block-media-text__media\"><img loading=\"lazy\" decoding=\"async\" width=\"1100\" height=\"662\" src=\"https:\/\/mvfaehrtgut.de\/wp-content\/uploads\/2025\/02\/MV-faehrt-gut-Hero-Tickets-1100x662.jpg\" alt=\"\" class=\"wp-image-3823 size-full\" srcset=\"https:\/\/mvfaehrtgut.de\/wp-content\/uploads\/2025\/02\/MV-faehrt-gut-Hero-Tickets-1100x662.jpg 1100w, https:\/\/mvfaehrtgut.de\/wp-content\/uploads\/2025\/02\/MV-faehrt-gut-Hero-Tickets-600x361.jpg 600w, https:\/\/mvfaehrtgut.de\/wp-content\/uploads\/2025\/02\/MV-faehrt-gut-Hero-Tickets-768x462.jpg 768w, https:\/\/mvfaehrtgut.de\/wp-content\/uploads\/2025\/02\/MV-faehrt-gut-Hero-Tickets-1536x924.jpg 1536w, https:\/\/mvfaehrtgut.de\/wp-content\/uploads\/2025\/02\/MV-faehrt-gut-Hero-Tickets.jpg 1620w\" sizes=\"auto, (max-width: 1100px) 100vw, 1100px\" \/><\/figure><\/div>\n\n\n\n<div class=\"wp-block-group alignfull has-tertiary-background-color has-background has-global-padding is-layout-constrained wp-block-group-is-layout-constrained\" style=\"margin-top:0;margin-bottom:0;padding-top:var(--wp--preset--spacing--80);padding-bottom:var(--wp--preset--spacing--80)\">\n<p class=\"has-text-align-center\">VMV provides attractive and standardised ticket offers in Mecklenburg-Vorpommern. On behalf of the state government, fare partnerships are developed that connect public transport and improve mobility in the state. <\/p>\n\n\n\n<p class=\"has-text-align-center\">Together with the districts, independent cities and transport companies, we create solutions for simple connections for passengers in towns and cities and rural areas.<\/p>\n<\/div>\n\n\n\n<div class=\"wp-block-group alignfull has-base-background-color has-background has-global-padding is-layout-constrained wp-block-group-is-layout-constrained\" style=\"margin-top:0;margin-bottom:0;padding-top:var(--wp--preset--spacing--80);padding-bottom:var(--wp--preset--spacing--80)\">\n<div class=\"wp-block-columns is-layout-flex wp-container-core-columns-is-layout-14cf5ab5 wp-block-columns-is-layout-flex\">\n<div class=\"wp-block-column is-layout-flow wp-block-column-is-layout-flow\">\n<figure class=\"wp-block-image size-full is-style-default\"><img loading=\"lazy\" decoding=\"async\" width=\"576\" height=\"480\" src=\"https:\/\/mvfaehrtgut.de\/wp-content\/uploads\/2025\/11\/MV-faehrt-gut-D-Ticket-Azubi-Teaser.jpg\" alt=\"\" class=\"wp-image-4900\" srcset=\"https:\/\/mvfaehrtgut.de\/wp-content\/uploads\/2025\/11\/MV-faehrt-gut-D-Ticket-Azubi-Teaser.jpg 576w, https:\/\/mvfaehrtgut.de\/wp-content\/uploads\/2025\/11\/MV-faehrt-gut-D-Ticket-Azubi-Teaser-14x12.jpg 14w\" sizes=\"auto, (max-width: 576px) 100vw, 576px\" \/><\/figure>\n<\/div>\n\n\n\n<div class=\"wp-block-column is-layout-flow wp-block-column-is-layout-flow\">\n<h3 class=\"wp-block-heading has-text-align-left\">D-Ticket for apprentices in MV<\/h3>\n\n\n\n<p class=\"has-text-align-left\"><strong>#myMoVe<\/strong><\/p>\n\n\n\n<p class=\"has-text-align-left\">Mit dem Deutschland-Ticket f\u00fcr Azubis in Mecklenburg-Vorpommern kannst Du f\u00fcr monatlich\u00a043 Euro ganz Deutschland entdecken\u00a0\u2013 im Job und in der Freizeit. Die Differenz zu 63 Euro \u2013 20 Euro \u2013 \u00fcbernimmt das Land Mecklenburg-Vorpommern f\u00fcr Dich.<\/p>\n\n\n\n<p class=\"has-text-align-left\">Use all local rail services (2nd class), tram services, city and regional bus services and selected other transport services.<\/p>\n<\/div>\n<\/div>\n\n\n\n<div class=\"wp-block-buttons is-content-justification-center is-layout-flex wp-container-core-buttons-is-layout-a89b3969 wp-block-buttons-is-layout-flex\">\n<div class=\"wp-block-button is-style-fill\"><a class=\"wp-block-button__link has-primary-color has-text-color has-background has-link-color wp-element-button\" href=\"https:\/\/mvfaehrtgut.de\/en\/tickets-abos\/d-ticket-azubi\/\" style=\"border-radius:0px;background:linear-gradient(180deg,rgba(7,146,227,0) 49%,rgb(150,212,230) 49%,rgb(150,212,230) 100%);padding-right:0;padding-left:0\">More information<\/a><\/div>\n<\/div>\n<\/div>\n\n\n\n<div class=\"wp-block-group alignfull has-base-background-color has-background has-global-padding is-layout-constrained wp-block-group-is-layout-constrained\" style=\"margin-top:0;margin-bottom:0;padding-top:var(--wp--preset--spacing--80);padding-bottom:var(--wp--preset--spacing--80)\">\n<div class=\"wp-block-columns is-layout-flex wp-container-core-columns-is-layout-14cf5ab5 wp-block-columns-is-layout-flex\">\n<div class=\"wp-block-column is-layout-flow wp-block-column-is-layout-flow\">\n<figure class=\"wp-block-image size-full has-custom-border\"><img loading=\"lazy\" decoding=\"async\" width=\"576\" height=\"480\" src=\"https:\/\/mvfaehrtgut.de\/wp-content\/uploads\/2025\/11\/MV-faehrt-gut-D-Ticket-Senioren-Teaser.jpg\" alt=\"\" class=\"wp-image-4901\" style=\"border-radius:40px\" srcset=\"https:\/\/mvfaehrtgut.de\/wp-content\/uploads\/2025\/11\/MV-faehrt-gut-D-Ticket-Senioren-Teaser.jpg 576w, https:\/\/mvfaehrtgut.de\/wp-content\/uploads\/2025\/11\/MV-faehrt-gut-D-Ticket-Senioren-Teaser-14x12.jpg 14w\" sizes=\"auto, (max-width: 576px) 100vw, 576px\" \/><\/figure>\n<\/div>\n\n\n\n<div class=\"wp-block-column is-layout-flow wp-block-column-is-layout-flow\">\n<h3 class=\"wp-block-heading has-text-align-left\">D-Ticket for senior citizens from MV<\/h3>\n\n\n\n<p class=\"has-text-align-left\"><strong>The new freedom of movement for 65+<\/strong><\/p>\n\n\n\n<p class=\"has-text-align-left\">Mit dem Deutschland-Ticket f\u00fcr Senioren aus Mecklenburg-Vorpommern haben Sie die M\u00f6glichkeit,\u00a0ganz Deutschland f\u00fcr nur 43 Euro pro Monat\u00a0zu entdecken.<\/p>\n\n\n\n<p class=\"has-text-align-left\">Das Land Mecklenburg-Vorpommern \u00fcbernimmt die Differenz von 20 Euro zum regul\u00e4ren Preis von 63 Euro f\u00fcr Sie.<\/p>\n<\/div>\n<\/div>\n\n\n\n<div class=\"wp-block-buttons is-content-justification-center is-layout-flex wp-container-core-buttons-is-layout-a89b3969 wp-block-buttons-is-layout-flex\">\n<div class=\"wp-block-button is-style-fill\"><a class=\"wp-block-button__link has-primary-color has-text-color has-background has-link-color wp-element-button\" href=\"https:\/\/mvfaehrtgut.de\/en\/tickets-abos\/d-ticket-senioren\/\" style=\"border-radius:0px;background:linear-gradient(180deg,rgba(7,146,227,0) 49%,rgb(150,212,230) 49%,rgb(150,212,230) 100%);padding-right:0;padding-left:0\">More information<\/a><\/div>\n<\/div>\n<\/div>\n\n\n\n<p><\/p>","protected":false},"excerpt":{"rendered":"<p>Die VMV sorgt f\u00fcr attraktive und einheitliche Ticketangebote in Mecklenburg-Vorpommern. Im Auftrag der Landesregierung werden Tarifkooperationen entwickelt, die den \u00f6ffentlichen Nahverkehr vernetzen und die Mobilit\u00e4t im Land verbessern. Gemeinsam mit den Landkreisen, kreisfreien St\u00e4dten und Verkehrsunternehmen schaffen wir L\u00f6sungen, die Fahrg\u00e4ste in Stadt und Land unkompliziert verbinden. Deutschland-Ticket f\u00fcr Azubis in MV #meinMoVe Mit dem [&hellip;]<\/p>\n","protected":false},"author":2,"featured_media":0,"parent":0,"menu_order":3,"comment_status":"closed","ping_status":"closed","template":"","meta":{"_acf_changed":false,"footnotes":""},"mi-filters":[],"class_list":["post-3234","page","type-page","status-publish","hentry"],"acf":[],"yoast_head":"<!-- This site is optimized with the Yoast SEO plugin v27.4 - https:\/\/yoast.com\/product\/yoast-seo-wordpress\/ -->\n<title>Tickets - MV f\u00e4hrt gut<\/title>\n<meta name=\"description\" content=\"Landesweite Tarifangebote f\u00fcr Mecklenburg-Vorpommern \u2013 mit verg\u00fcnstigten Deutschland-Tickets f\u00fcr Azubis und Senioren und einheitlichen \u00d6PNV-L\u00f6sungen.\" \/>\n<meta name=\"robots\" content=\"index, follow, max-snippet:-1, max-image-preview:large, max-video-preview:-1\" \/>\n<link rel=\"canonical\" href=\"https:\/\/mvfaehrtgut.de\/en\/tickets-abos\/\" \/>\n<meta property=\"og:locale\" content=\"en_GB\" \/>\n<meta property=\"og:type\" content=\"article\" \/>\n<meta property=\"og:title\" content=\"Tickets - MV f\u00e4hrt gut\" \/>\n<meta property=\"og:description\" content=\"Landesweite Tarifangebote f\u00fcr Mecklenburg-Vorpommern \u2013 mit verg\u00fcnstigten Deutschland-Tickets f\u00fcr Azubis und Senioren und einheitlichen \u00d6PNV-L\u00f6sungen.\" \/>\n<meta property=\"og:url\" content=\"https:\/\/mvfaehrtgut.de\/en\/tickets-abos\/\" \/>\n<meta property=\"og:site_name\" content=\"MV f\u00e4hrt gut\" \/>\n<meta property=\"article:modified_time\" content=\"2025-12-11T13:47:25+00:00\" \/>\n<meta property=\"og:image\" content=\"https:\/\/mvfaehrtgut.de\/wp-content\/uploads\/2025\/02\/MV-faehrt-gut-Hero-Tickets.jpg\" \/>\n\t<meta property=\"og:image:width\" content=\"1620\" \/>\n\t<meta property=\"og:image:height\" content=\"975\" \/>\n\t<meta property=\"og:image:type\" content=\"image\/jpeg\" \/>\n<script type=\"application\/ld+json\" class=\"yoast-schema-graph\">{\"@context\":\"https:\\\/\\\/schema.org\",\"@graph\":[{\"@type\":\"WebPage\",\"@id\":\"https:\\\/\\\/mvfaehrtgut.de\\\/tickets-abos\\\/\",\"url\":\"https:\\\/\\\/mvfaehrtgut.de\\\/tickets-abos\\\/\",\"name\":\"Tickets - MV f\u00e4hrt gut\",\"isPartOf\":{\"@id\":\"https:\\\/\\\/mvfaehrtgut.de\\\/#website\"},\"primaryImageOfPage\":{\"@id\":\"https:\\\/\\\/mvfaehrtgut.de\\\/tickets-abos\\\/#primaryimage\"},\"image\":{\"@id\":\"https:\\\/\\\/mvfaehrtgut.de\\\/tickets-abos\\\/#primaryimage\"},\"thumbnailUrl\":\"https:\\\/\\\/mvfaehrtgut.de\\\/wp-content\\\/uploads\\\/2025\\\/02\\\/MV-faehrt-gut-Hero-Tickets-1100x662.jpg\",\"datePublished\":\"2024-12-06T10:39:29+00:00\",\"dateModified\":\"2025-12-11T13:47:25+00:00\",\"description\":\"Landesweite Tarifangebote f\u00fcr Mecklenburg-Vorpommern \u2013 mit verg\u00fcnstigten Deutschland-Tickets f\u00fcr Azubis und Senioren und einheitlichen \u00d6PNV-L\u00f6sungen.\",\"breadcrumb\":{\"@id\":\"https:\\\/\\\/mvfaehrtgut.de\\\/tickets-abos\\\/#breadcrumb\"},\"inLanguage\":\"en-GB\",\"potentialAction\":[{\"@type\":\"ReadAction\",\"target\":[\"https:\\\/\\\/mvfaehrtgut.de\\\/tickets-abos\\\/\"]}]},{\"@type\":\"ImageObject\",\"inLanguage\":\"en-GB\",\"@id\":\"https:\\\/\\\/mvfaehrtgut.de\\\/tickets-abos\\\/#primaryimage\",\"url\":\"https:\\\/\\\/mvfaehrtgut.de\\\/wp-content\\\/uploads\\\/2025\\\/02\\\/MV-faehrt-gut-Hero-Tickets-1100x662.jpg\",\"contentUrl\":\"https:\\\/\\\/mvfaehrtgut.de\\\/wp-content\\\/uploads\\\/2025\\\/02\\\/MV-faehrt-gut-Hero-Tickets-1100x662.jpg\"},{\"@type\":\"BreadcrumbList\",\"@id\":\"https:\\\/\\\/mvfaehrtgut.de\\\/tickets-abos\\\/#breadcrumb\",\"itemListElement\":[{\"@type\":\"ListItem\",\"position\":1,\"name\":\"MV f\u00e4hrt gut\",\"item\":\"https:\\\/\\\/mvfaehrtgut.de\\\/\"},{\"@type\":\"ListItem\",\"position\":2,\"name\":\"Tickets\"}]},{\"@type\":\"WebSite\",\"@id\":\"https:\\\/\\\/mvfaehrtgut.de\\\/#website\",\"url\":\"https:\\\/\\\/mvfaehrtgut.de\\\/\",\"name\":\"MV f\u00e4hrt gut\",\"description\":\"\",\"publisher\":{\"@id\":\"https:\\\/\\\/mvfaehrtgut.de\\\/#organization\"},\"potentialAction\":[{\"@type\":\"SearchAction\",\"target\":{\"@type\":\"EntryPoint\",\"urlTemplate\":\"https:\\\/\\\/mvfaehrtgut.de\\\/?s={search_term_string}\"},\"query-input\":{\"@type\":\"PropertyValueSpecification\",\"valueRequired\":true,\"valueName\":\"search_term_string\"}}],\"inLanguage\":\"en-GB\"},{\"@type\":\"Organization\",\"@id\":\"https:\\\/\\\/mvfaehrtgut.de\\\/#organization\",\"name\":\"VMV \u2013 Verkehrsgesellschaft Mecklenburg-Vorpommern mbH\",\"url\":\"https:\\\/\\\/mvfaehrtgut.de\\\/\",\"logo\":{\"@type\":\"ImageObject\",\"inLanguage\":\"en-GB\",\"@id\":\"https:\\\/\\\/mvfaehrtgut.de\\\/#\\\/schema\\\/logo\\\/image\\\/\",\"url\":\"https:\\\/\\\/mvfaehrtgut.de\\\/wp-content\\\/uploads\\\/2025\\\/08\\\/MV_faehrt_gut_mit_scrolleffekt.svg\",\"contentUrl\":\"https:\\\/\\\/mvfaehrtgut.de\\\/wp-content\\\/uploads\\\/2025\\\/08\\\/MV_faehrt_gut_mit_scrolleffekt.svg\",\"caption\":\"VMV \u2013 Verkehrsgesellschaft Mecklenburg-Vorpommern mbH\"},\"image\":{\"@id\":\"https:\\\/\\\/mvfaehrtgut.de\\\/#\\\/schema\\\/logo\\\/image\\\/\"}}]}<\/script>\n<!-- \/ Yoast SEO plugin. -->","yoast_head_json":{"title":"Tickets - MV f\u00e4hrt gut","description":"Landesweite Tarifangebote f\u00fcr Mecklenburg-Vorpommern \u2013 mit verg\u00fcnstigten Deutschland-Tickets f\u00fcr Azubis und Senioren und einheitlichen \u00d6PNV-L\u00f6sungen.","robots":{"index":"index","follow":"follow","max-snippet":"max-snippet:-1","max-image-preview":"max-image-preview:large","max-video-preview":"max-video-preview:-1"},"canonical":"https:\/\/mvfaehrtgut.de\/en\/tickets-abos\/","og_locale":"en_GB","og_type":"article","og_title":"Tickets - MV f\u00e4hrt gut","og_description":"Landesweite Tarifangebote f\u00fcr Mecklenburg-Vorpommern \u2013 mit verg\u00fcnstigten Deutschland-Tickets f\u00fcr Azubis und Senioren und einheitlichen \u00d6PNV-L\u00f6sungen.","og_url":"https:\/\/mvfaehrtgut.de\/en\/tickets-abos\/","og_site_name":"MV f\u00e4hrt gut","article_modified_time":"2025-12-11T13:47:25+00:00","og_image":[{"width":1620,"height":975,"url":"https:\/\/mvfaehrtgut.de\/wp-content\/uploads\/2025\/02\/MV-faehrt-gut-Hero-Tickets.jpg","type":"image\/jpeg"}],"schema":{"@context":"https:\/\/schema.org","@graph":[{"@type":"WebPage","@id":"https:\/\/mvfaehrtgut.de\/tickets-abos\/","url":"https:\/\/mvfaehrtgut.de\/tickets-abos\/","name":"Tickets - MV f\u00e4hrt gut","isPartOf":{"@id":"https:\/\/mvfaehrtgut.de\/#website"},"primaryImageOfPage":{"@id":"https:\/\/mvfaehrtgut.de\/tickets-abos\/#primaryimage"},"image":{"@id":"https:\/\/mvfaehrtgut.de\/tickets-abos\/#primaryimage"},"thumbnailUrl":"https:\/\/mvfaehrtgut.de\/wp-content\/uploads\/2025\/02\/MV-faehrt-gut-Hero-Tickets-1100x662.jpg","datePublished":"2024-12-06T10:39:29+00:00","dateModified":"2025-12-11T13:47:25+00:00","description":"Landesweite Tarifangebote f\u00fcr Mecklenburg-Vorpommern \u2013 mit verg\u00fcnstigten Deutschland-Tickets f\u00fcr Azubis und Senioren und einheitlichen \u00d6PNV-L\u00f6sungen.","breadcrumb":{"@id":"https:\/\/mvfaehrtgut.de\/tickets-abos\/#breadcrumb"},"inLanguage":"en-GB","potentialAction":[{"@type":"ReadAction","target":["https:\/\/mvfaehrtgut.de\/tickets-abos\/"]}]},{"@type":"ImageObject","inLanguage":"en-GB","@id":"https:\/\/mvfaehrtgut.de\/tickets-abos\/#primaryimage","url":"https:\/\/mvfaehrtgut.de\/wp-content\/uploads\/2025\/02\/MV-faehrt-gut-Hero-Tickets-1100x662.jpg","contentUrl":"https:\/\/mvfaehrtgut.de\/wp-content\/uploads\/2025\/02\/MV-faehrt-gut-Hero-Tickets-1100x662.jpg"},{"@type":"BreadcrumbList","@id":"https:\/\/mvfaehrtgut.de\/tickets-abos\/#breadcrumb","itemListElement":[{"@type":"ListItem","position":1,"name":"MV f\u00e4hrt gut","item":"https:\/\/mvfaehrtgut.de\/"},{"@type":"ListItem","position":2,"name":"Tickets"}]},{"@type":"WebSite","@id":"https:\/\/mvfaehrtgut.de\/#website","url":"https:\/\/mvfaehrtgut.de\/","name":"MV on the move","description":"","publisher":{"@id":"https:\/\/mvfaehrtgut.de\/#organization"},"potentialAction":[{"@type":"SearchAction","target":{"@type":"EntryPoint","urlTemplate":"https:\/\/mvfaehrtgut.de\/?s={search_term_string}"},"query-input":{"@type":"PropertyValueSpecification","valueRequired":true,"valueName":"search_term_string"}}],"inLanguage":"en-GB"},{"@type":"Organization","@id":"https:\/\/mvfaehrtgut.de\/#organization","name":"VMV \u2013 Verkehrsgesellschaft Mecklenburg-Vorpommern mbH","url":"https:\/\/mvfaehrtgut.de\/","logo":{"@type":"ImageObject","inLanguage":"en-GB","@id":"https:\/\/mvfaehrtgut.de\/#\/schema\/logo\/image\/","url":"https:\/\/mvfaehrtgut.de\/wp-content\/uploads\/2025\/08\/MV_faehrt_gut_mit_scrolleffekt.svg","contentUrl":"https:\/\/mvfaehrtgut.de\/wp-content\/uploads\/2025\/08\/MV_faehrt_gut_mit_scrolleffekt.svg","caption":"VMV \u2013 Verkehrsgesellschaft Mecklenburg-Vorpommern mbH"},"image":{"@id":"https:\/\/mvfaehrtgut.de\/#\/schema\/logo\/image\/"}}]}},"_links":{"self":[{"href":"https:\/\/mvfaehrtgut.de\/en\/wp-json\/wp\/v2\/pages\/3234","targetHints":{"allow":["GET"]}}],"collection":[{"href":"https:\/\/mvfaehrtgut.de\/en\/wp-json\/wp\/v2\/pages"}],"about":[{"href":"https:\/\/mvfaehrtgut.de\/en\/wp-json\/wp\/v2\/types\/page"}],"author":[{"embeddable":true,"href":"https:\/\/mvfaehrtgut.de\/en\/wp-json\/wp\/v2\/users\/2"}],"replies":[{"embeddable":true,"href":"https:\/\/mvfaehrtgut.de\/en\/wp-json\/wp\/v2\/comments?post=3234"}],"version-history":[{"count":9,"href":"https:\/\/mvfaehrtgut.de\/en\/wp-json\/wp\/v2\/pages\/3234\/revisions"}],"predecessor-version":[{"id":4903,"href":"https:\/\/mvfaehrtgut.de\/en\/wp-json\/wp\/v2\/pages\/3234\/revisions\/4903"}],"wp:attachment":[{"href":"https:\/\/mvfaehrtgut.de\/en\/wp-json\/wp\/v2\/media?parent=3234"}],"wp:term":[{"taxonomy":"mi-filters","embeddable":true,"href":"https:\/\/mvfaehrtgut.de\/en\/wp-json\/wp\/v2\/mi-filters?post=3234"}],"curies":[{"name":"wp","href":"https:\/\/api.w.org\/{rel}","templated":true}]}}